{"id":10066,"date":"2024-03-27T07:20:11","date_gmt":"2024-03-27T07:20:11","guid":{"rendered":"https:\/\/hetra-gss.de\/?page_id=10066"},"modified":"2024-04-08T11:28:31","modified_gmt":"2024-04-08T11:28:31","slug":"standorte","status":"publish","type":"page","link":"https:\/\/hetra-gss.de\/en\/standorte\/","title":{"rendered":"Standorte"},"content":{"rendered":"<div data-elementor-type=\"wp-page\" data-elementor-id=\"10066\" class=\"elementor elementor-10066\">\n\t\t\t\t\t\t<section class=\"elementor-section elementor-top-section elementor-element elementor-element-5fcb2e5 elementor-section-height-min-height elementor-section-items-top elementor-section-boxed elementor-section-height-default\" data-id=\"5fcb2e5\" data-element_type=\"section\" data-settings=\"{&quot;background_background&quot;:&quot;slideshow&quot;,&quot;background_slideshow_gallery&quot;:[{&quot;id&quot;:9574,&quot;url&quot;:&quot;https:\\\/\\\/hetra-gss.de\\\/wp-content\\\/uploads\\\/2024\\\/01\\\/Schweisser.webp&quot;}],&quot;background_slideshow_slide_duration&quot;:5000,&quot;background_slideshow_slide_transition&quot;:&quot;fade&quot;,&quot;background_slideshow_transition_duration&quot;:500}\">\n\t\t\t\t\t\t<div class=\"elementor-container elementor-column-gap-no\">\n\t\t\t\t\t<div class=\"elementor-column elementor-col-100 elementor-top-column elementor-element elementor-element-04076b0\" data-id=\"04076b0\" data-element_type=\"column\">\n\t\t\t<div class=\"elementor-widget-wrap\">\n\t\t\t\t\t\t\t<\/div>\n\t\t<\/div>\n\t\t\t\t\t<\/div>\n\t\t<\/section>\n\t\t\t\t<section class=\"elementor-section elementor-top-section elementor-element elementor-element-089f2cb elementor-section-boxed elementor-section-height-default elementor-section-height-default\" data-id=\"089f2cb\" data-element_type=\"section\">\n\t\t\t\t\t\t<div class=\"elementor-container elementor-column-gap-extended\">\n\t\t\t\t\t<div class=\"elementor-column elementor-col-50 elementor-top-column elementor-element elementor-element-8cd85d1\" data-id=\"8cd85d1\" data-element_type=\"column\">\n\t\t\t<div class=\"elementor-widget-wrap elementor-element-populated\">\n\t\t\t\t\t\t<div class=\"elementor-element elementor-element-a701b04 elementor-widget elementor-widget-heading\" data-id=\"a701b04\" data-element_type=\"widget\" data-widget_type=\"heading.default\">\n\t\t\t\t<div class=\"elementor-widget-container\">\n\t\t\t\t\t<h2 class=\"elementor-heading-title elementor-size-default\">Location Recklinghausen<\/h2>\t\t\t\t<\/div>\n\t\t\t\t<\/div>\n\t\t\t\t\t<\/div>\n\t\t<\/div>\n\t\t\t\t<div class=\"elementor-column elementor-col-50 elementor-top-column elementor-element elementor-element-7acd511\" data-id=\"7acd511\" data-element_type=\"column\">\n\t\t\t<div class=\"elementor-widget-wrap elementor-element-populated\">\n\t\t\t\t\t\t<div class=\"elementor-element elementor-element-f4ad8bc fa elementor-view-default elementor-widget elementor-widget-icon\" data-id=\"f4ad8bc\" data-element_type=\"widget\" data-widget_type=\"icon.default\">\n\t\t\t\t<div class=\"elementor-widget-container\">\n\t\t\t\t\t\t\t<div class=\"elementor-icon-wrapper\">\n\t\t\t<a class=\"elementor-icon\" href=\"https:\/\/www.google.de\/maps\/place\/Christine-Englerth-Stra%C3%9Fe+8,+45665+Recklinghausen\/@51.6050817,7.2437643,17z\/data=!3m1!4b1!4m6!3m5!1s0x47b8e2ead883ed5b:0x394edb62f3742cc3!8m2!3d51.6050784!4d7.2463392!16s%2Fg%2F11v06pmzr2?entry=ttu\" target=\"_blank\">\n\t\t\t<i aria-hidden=\"true\" class=\"fas fa-map-marker-alt\"><\/i>\t\t\t<\/a>\n\t\t<\/div>\n\t\t\t\t\t\t<\/div>\n\t\t\t\t<\/div>\n\t\t\t\t\t<\/div>\n\t\t<\/div>\n\t\t\t\t\t<\/div>\n\t\t<\/section>\n\t\t\t\t<section class=\"elementor-section elementor-top-section elementor-element elementor-element-37aed07 elementor-section-boxed elementor-section-height-default elementor-section-height-default\" data-id=\"37aed07\" data-element_type=\"section\">\n\t\t\t\t\t\t<div class=\"elementor-container elementor-column-gap-extended\">\n\t\t\t\t\t<div class=\"elementor-column elementor-col-100 elementor-top-column elementor-element elementor-element-191980b\" data-id=\"191980b\" data-element_type=\"column\">\n\t\t\t<div class=\"elementor-widget-wrap elementor-element-populated\">\n\t\t\t\t\t\t<div class=\"elementor-element elementor-element-4dafb2c elementor-widget elementor-widget-text-editor\" data-id=\"4dafb2c\" data-element_type=\"widget\" data-widget_type=\"text-editor.default\">\n\t\t\t\t<div class=\"elementor-widget-container\">\n\t\t\t\t\t\t\t\t\t<p>Our company site in Recklinghausen is home to both our administration and our production facilities. Strategically located, Recklinghausen offers an ideal environment for our operational activities. With modern facilities for administration and production, we are able to work efficiently and manufacture high-quality products. The town of Recklinghausen itself is characterized by a pleasant quality of life, enabling us to offer not only good working conditions but also an attractive environment for our employees.<\/p>\t\t\t\t\t\t\t\t<\/div>\n\t\t\t\t<\/div>\n\t\t\t\t\t<\/div>\n\t\t<\/div>\n\t\t\t\t\t<\/div>\n\t\t<\/section>\n\t\t\t\t<section class=\"elementor-section elementor-top-section elementor-element elementor-element-73bf3f0 elementor-section-boxed elementor-section-height-default elementor-section-height-default\" data-id=\"73bf3f0\" data-element_type=\"section\">\n\t\t\t\t\t\t<div class=\"elementor-container elementor-column-gap-extended\">\n\t\t\t\t\t<div class=\"elementor-column elementor-col-50 elementor-top-column elementor-element elementor-element-09a3add\" data-id=\"09a3add\" data-element_type=\"column\">\n\t\t\t<div class=\"elementor-widget-wrap elementor-element-populated\">\n\t\t\t\t\t\t<div class=\"elementor-element elementor-element-73f93c1 elementor-widget elementor-widget-heading\" data-id=\"73f93c1\" data-element_type=\"widget\" data-widget_type=\"heading.default\">\n\t\t\t\t<div class=\"elementor-widget-container\">\n\t\t\t\t\t<h2 class=\"elementor-heading-title elementor-size-default\">Location Emmerich am Rhein<\/h2>\t\t\t\t<\/div>\n\t\t\t\t<\/div>\n\t\t\t\t\t<\/div>\n\t\t<\/div>\n\t\t\t\t<div class=\"elementor-column elementor-col-50 elementor-top-column elementor-element elementor-element-64883e3\" data-id=\"64883e3\" data-element_type=\"column\">\n\t\t\t<div class=\"elementor-widget-wrap elementor-element-populated\">\n\t\t\t\t\t\t<div class=\"elementor-element elementor-element-4f522cb fa elementor-view-default elementor-widget elementor-widget-icon\" data-id=\"4f522cb\" data-element_type=\"widget\" data-widget_type=\"icon.default\">\n\t\t\t\t<div class=\"elementor-widget-container\">\n\t\t\t\t\t\t\t<div class=\"elementor-icon-wrapper\">\n\t\t\t<a class=\"elementor-icon\" href=\"https:\/\/www.google.de\/maps\/place\/Groendahlscher+Weg+87,+46446+Emmerich+am+Rhein\/@51.835302,6.2726948,17z\/data=!3m1!4b1!4m6!3m5!1s0x47c7781432a5e5bd:0xfb1b7754528a903e!8m2!3d51.8352987!4d6.2752697!16s%2Fg%2F11b8v6t_27?entry=ttu\">\n\t\t\t<i aria-hidden=\"true\" class=\"fas fa-map-marker-alt\"><\/i>\t\t\t<\/a>\n\t\t<\/div>\n\t\t\t\t\t\t<\/div>\n\t\t\t\t<\/div>\n\t\t\t\t\t<\/div>\n\t\t<\/div>\n\t\t\t\t\t<\/div>\n\t\t<\/section>\n\t\t\t\t<section class=\"elementor-section elementor-top-section elementor-element elementor-element-83580d5 elementor-section-boxed elementor-section-height-default elementor-section-height-default\" data-id=\"83580d5\" data-element_type=\"section\">\n\t\t\t\t\t\t<div class=\"elementor-container elementor-column-gap-extended\">\n\t\t\t\t\t<div class=\"elementor-column elementor-col-100 elementor-top-column elementor-element elementor-element-ef54a84\" data-id=\"ef54a84\" data-element_type=\"column\">\n\t\t\t<div class=\"elementor-widget-wrap elementor-element-populated\">\n\t\t\t\t\t\t<div class=\"elementor-element elementor-element-b74b9bb elementor-widget elementor-widget-text-editor\" data-id=\"b74b9bb\" data-element_type=\"widget\" data-widget_type=\"text-editor.default\">\n\t\t\t\t<div class=\"elementor-widget-container\">\n\t\t\t\t\t\t\t\t\t<div class=\"flex-1 overflow-hidden\"><div class=\"react-scroll-to-bottom--css-cvwzq-79elbk h-full\"><div class=\"react-scroll-to-bottom--css-cvwzq-1n7m0yu\"><div class=\"flex flex-col text-sm pb-9\"><div class=\"w-full text-token-text-primary\" data-testid=\"conversation-turn-351\"><div class=\"px-4 py-2 justify-center text-base md:gap-6 m-auto\"><div class=\"flex flex-1 text-base mx-auto gap-3 md:px-5 lg:px-1 xl:px-5 md:max-w-3xl lg:max-w-[40rem] xl:max-w-[48rem] group final-completion\"><div class=\"relative flex w-full flex-col agent-turn\"><div class=\"flex-col gap-1 md:gap-3\"><div class=\"flex flex-grow flex-col max-w-full\"><div class=\"min-h-[20px] text-message flex flex-col items-start gap-3 whitespace-pre-wrap break-words [.text-message+&amp;]:mt-5 overflow-x-auto\" data-message-author-role=\"assistant\" data-message-id=\"d7a5eebf-1d62-4dcb-bc00-7ebda526421a\"><div class=\"markdown prose w-full break-words dark:prose-invert light\"><p>Our company site in Emmerich is home to our drawing office, which specializes in the production of technical drawings and engineering. This central facility is the heart of our technical department and forms the basis for the development and implementation of our innovative projects. The location in Emmerich not only offers strategic proximity to important business partners and suppliers, but also an inspiring environment for creative processes. Our dedicated employees use state-of-the-art technologies and their expertise to develop precise and efficient solutions that meet our customers' requirements.<\/p><\/div><\/div><\/div><\/div><\/div><\/div><\/div><\/div><\/div><\/div><\/div><\/div><div class=\"w-full pt-2 md:pt-0 dark:border-white\/20 md:border-transparent md:dark:border-transparent md:w-[calc(100%-.5rem)]\"><form class=\"stretch mx-2 flex flex-row gap-3 last:mb-2 md:mx-4 md:last:mb-6 lg:mx-auto lg:max-w-2xl xl:max-w-3xl\" action=\"\"><div class=\"relative flex h-full flex-1 flex-col\"><div class=\"flex w-full items-center\">\u00a0<\/div><\/div><input type=\"hidden\" name=\"trp-form-language\" value=\"en\"\/><\/form><\/div>\t\t\t\t\t\t\t\t<\/div>\n\t\t\t\t<\/div>\n\t\t\t\t\t<\/div>\n\t\t<\/div>\n\t\t\t\t\t<\/div>\n\t\t<\/section>\n\t\t\t\t<\/div>","protected":false},"excerpt":{"rendered":"<p>Standort Recklinghausen Unser Firmenstandort in Recklinghausen beheimatet sowohl unsere Verwaltung als auch unsere Produktionsanlagen. Strategisch g\u00fcnstig gelegen, bietet Recklinghausen eine ideale Umgebung f\u00fcr unsere betrieblichen Aktivit\u00e4ten. Mit modernen Einrichtungen f\u00fcr Verwaltung und Produktion sind wir in der Lage, effizient zu arbeiten und qualitativ hochwertige Produkte herzustellen. Die Stadt Recklinghausen selbst zeichnet sich durch eine angenehme [&hellip;]<\/p>","protected":false},"author":1,"featured_media":0,"parent":0,"menu_order":0,"comment_status":"closed","ping_status":"closed","template":"","meta":{"ocean_post_layout":"full-screen","ocean_both_sidebars_style":"","ocean_both_sidebars_content_width":0,"ocean_both_sidebars_sidebars_width":0,"ocean_sidebar":"","ocean_second_sidebar":"","ocean_disable_margins":"enable","ocean_add_body_class":"","ocean_shortcode_before_top_bar":"","ocean_shortcode_after_top_bar":"","ocean_shortcode_before_header":"","ocean_shortcode_after_header":"","ocean_has_shortcode":"","ocean_shortcode_after_title":"","ocean_shortcode_before_footer_widgets":"","ocean_shortcode_after_footer_widgets":"","ocean_shortcode_before_footer_bottom":"","ocean_shortcode_after_footer_bottom":"","ocean_display_top_bar":"off","ocean_display_header":"default","ocean_header_style":"","ocean_center_header_left_menu":"","ocean_custom_header_template":"","ocean_custom_logo":0,"ocean_custom_retina_logo":0,"ocean_custom_logo_max_width":0,"ocean_custom_logo_tablet_max_width":0,"ocean_custom_logo_mobile_max_width":0,"ocean_custom_logo_max_height":0,"ocean_custom_logo_tablet_max_height":0,"ocean_custom_logo_mobile_max_height":0,"ocean_header_custom_menu":"","ocean_menu_typo_font_family":"","ocean_menu_typo_font_subset":"","ocean_menu_typo_font_size":0,"ocean_menu_typo_font_size_tablet":0,"ocean_menu_typo_font_size_mobile":0,"ocean_menu_typo_font_size_unit":"px","ocean_menu_typo_font_weight":"","ocean_menu_typo_font_weight_tablet":"","ocean_menu_typo_font_weight_mobile":"","ocean_menu_typo_transform":"","ocean_menu_typo_transform_tablet":"","ocean_menu_typo_transform_mobile":"","ocean_menu_typo_line_height":0,"ocean_menu_typo_line_height_tablet":0,"ocean_menu_typo_line_height_mobile":0,"ocean_menu_typo_line_height_unit":"","ocean_menu_typo_spacing":0,"ocean_menu_typo_spacing_tablet":0,"ocean_menu_typo_spacing_mobile":0,"ocean_menu_typo_spacing_unit":"","ocean_menu_link_color":"","ocean_menu_link_color_hover":"","ocean_menu_link_color_active":"","ocean_menu_link_background":"","ocean_menu_link_hover_background":"","ocean_menu_link_active_background":"","ocean_menu_social_links_bg":"","ocean_menu_social_hover_links_bg":"","ocean_menu_social_links_color":"","ocean_menu_social_hover_links_color":"","ocean_disable_title":"on","ocean_disable_heading":"default","ocean_post_title":"","ocean_post_subheading":"","ocean_post_title_style":"","ocean_post_title_background_color":"","ocean_post_title_background":0,"ocean_post_title_bg_image_position":"","ocean_post_title_bg_image_attachment":"","ocean_post_title_bg_image_repeat":"","ocean_post_title_bg_image_size":"","ocean_post_title_height":0,"ocean_post_title_bg_overlay":0.5,"ocean_post_title_bg_overlay_color":"","ocean_disable_breadcrumbs":"default","ocean_breadcrumbs_color":"","ocean_breadcrumbs_separator_color":"","ocean_breadcrumbs_links_color":"","ocean_breadcrumbs_links_hover_color":"","ocean_display_footer_widgets":"default","ocean_display_footer_bottom":"off","ocean_custom_footer_template":"1343","footnotes":""},"class_list":["post-10066","page","type-page","status-publish","hentry","entry"],"yoast_head":"<!-- This site is optimized with the Yoast SEO plugin v26.4 - https:\/\/yoast.com\/wordpress\/plugins\/seo\/ -->\n<title>Standorte - Hetra-GSS GmbH<\/title>\n<meta name=\"robots\" content=\"index, follow, max-snippet:-1, max-image-preview:large, max-video-preview:-1\" \/>\n<link rel=\"canonical\" href=\"https:\/\/hetra-gss.de\/en\/standorte\/\" \/>\n<meta property=\"og:locale\" content=\"en_US\" \/>\n<meta property=\"og:type\" content=\"article\" \/>\n<meta property=\"og:title\" content=\"Standorte - Hetra-GSS GmbH\" \/>\n<meta property=\"og:description\" content=\"Standort Recklinghausen Unser Firmenstandort in Recklinghausen beheimatet sowohl unsere Verwaltung als auch unsere Produktionsanlagen. Strategisch g\u00fcnstig gelegen, bietet Recklinghausen eine ideale Umgebung f\u00fcr unsere betrieblichen Aktivit\u00e4ten. Mit modernen Einrichtungen f\u00fcr Verwaltung und Produktion sind wir in der Lage, effizient zu arbeiten und qualitativ hochwertige Produkte herzustellen. Die Stadt Recklinghausen selbst zeichnet sich durch eine angenehme [&hellip;]\" \/>\n<meta property=\"og:url\" content=\"https:\/\/hetra-gss.de\/en\/standorte\/\" \/>\n<meta property=\"og:site_name\" content=\"Hetra-GSS GmbH\" \/>\n<meta property=\"article:modified_time\" content=\"2024-04-08T11:28:31+00:00\" \/>\n<meta name=\"twitter:card\" content=\"summary_large_image\" \/>\n<meta name=\"twitter:label1\" content=\"Est. reading time\" \/>\n\t<meta name=\"twitter:data1\" content=\"1 minute\" \/>\n<script type=\"application\/ld+json\" class=\"yoast-schema-graph\">{\"@context\":\"https:\/\/schema.org\",\"@graph\":[{\"@type\":\"WebPage\",\"@id\":\"https:\/\/hetra-gss.de\/standorte\/\",\"url\":\"https:\/\/hetra-gss.de\/standorte\/\",\"name\":\"Standorte - Hetra-GSS GmbH\",\"isPartOf\":{\"@id\":\"https:\/\/hetra-gss.de\/#website\"},\"datePublished\":\"2024-03-27T07:20:11+00:00\",\"dateModified\":\"2024-04-08T11:28:31+00:00\",\"breadcrumb\":{\"@id\":\"https:\/\/hetra-gss.de\/standorte\/#breadcrumb\"},\"inLanguage\":\"en-US\",\"potentialAction\":[{\"@type\":\"ReadAction\",\"target\":[\"https:\/\/hetra-gss.de\/standorte\/\"]}]},{\"@type\":\"BreadcrumbList\",\"@id\":\"https:\/\/hetra-gss.de\/standorte\/#breadcrumb\",\"itemListElement\":[{\"@type\":\"ListItem\",\"position\":1,\"name\":\"Startseite\",\"item\":\"https:\/\/hetra-gss.de\/\"},{\"@type\":\"ListItem\",\"position\":2,\"name\":\"Standorte\"}]},{\"@type\":\"WebSite\",\"@id\":\"https:\/\/hetra-gss.de\/#website\",\"url\":\"https:\/\/hetra-gss.de\/\",\"name\":\"Hetra-GSS GmbH\",\"description\":\"Nachhaltigkeit in Bewegung: Ma\u00dfgeschneiderte F\u00f6rdertechnik!\",\"publisher\":{\"@id\":\"https:\/\/hetra-gss.de\/#organization\"},\"potentialAction\":[{\"@type\":\"SearchAction\",\"target\":{\"@type\":\"EntryPoint\",\"urlTemplate\":\"https:\/\/hetra-gss.de\/?s={search_term_string}\"},\"query-input\":{\"@type\":\"PropertyValueSpecification\",\"valueRequired\":true,\"valueName\":\"search_term_string\"}}],\"inLanguage\":\"en-US\"},{\"@type\":\"Organization\",\"@id\":\"https:\/\/hetra-gss.de\/#organization\",\"name\":\"Hetra-GSS GmbH\",\"url\":\"https:\/\/hetra-gss.de\/\",\"logo\":{\"@type\":\"ImageObject\",\"inLanguage\":\"en-US\",\"@id\":\"https:\/\/hetra-gss.de\/#\/schema\/logo\/image\/\",\"url\":\"https:\/\/hetra-gss.de\/wp-content\/uploads\/2024\/01\/cropped-Fimenlogo-1.webp\",\"contentUrl\":\"https:\/\/hetra-gss.de\/wp-content\/uploads\/2024\/01\/cropped-Fimenlogo-1.webp\",\"width\":799,\"height\":343,\"caption\":\"Hetra-GSS GmbH\"},\"image\":{\"@id\":\"https:\/\/hetra-gss.de\/#\/schema\/logo\/image\/\"}}]}<\/script>\n<!-- \/ Yoast SEO plugin. -->","yoast_head_json":{"title":"Standorte - Hetra-GSS GmbH","robots":{"index":"index","follow":"follow","max-snippet":"max-snippet:-1","max-image-preview":"max-image-preview:large","max-video-preview":"max-video-preview:-1"},"canonical":"https:\/\/hetra-gss.de\/en\/standorte\/","og_locale":"en_US","og_type":"article","og_title":"Standorte - Hetra-GSS GmbH","og_description":"Standort Recklinghausen Unser Firmenstandort in Recklinghausen beheimatet sowohl unsere Verwaltung als auch unsere Produktionsanlagen. Strategisch g\u00fcnstig gelegen, bietet Recklinghausen eine ideale Umgebung f\u00fcr unsere betrieblichen Aktivit\u00e4ten. Mit modernen Einrichtungen f\u00fcr Verwaltung und Produktion sind wir in der Lage, effizient zu arbeiten und qualitativ hochwertige Produkte herzustellen. Die Stadt Recklinghausen selbst zeichnet sich durch eine angenehme [&hellip;]","og_url":"https:\/\/hetra-gss.de\/en\/standorte\/","og_site_name":"Hetra-GSS GmbH","article_modified_time":"2024-04-08T11:28:31+00:00","twitter_card":"summary_large_image","twitter_misc":{"Est. reading time":"1 minute"},"schema":{"@context":"https:\/\/schema.org","@graph":[{"@type":"WebPage","@id":"https:\/\/hetra-gss.de\/standorte\/","url":"https:\/\/hetra-gss.de\/standorte\/","name":"Standorte - Hetra-GSS GmbH","isPartOf":{"@id":"https:\/\/hetra-gss.de\/#website"},"datePublished":"2024-03-27T07:20:11+00:00","dateModified":"2024-04-08T11:28:31+00:00","breadcrumb":{"@id":"https:\/\/hetra-gss.de\/standorte\/#breadcrumb"},"inLanguage":"en-US","potentialAction":[{"@type":"ReadAction","target":["https:\/\/hetra-gss.de\/standorte\/"]}]},{"@type":"BreadcrumbList","@id":"https:\/\/hetra-gss.de\/standorte\/#breadcrumb","itemListElement":[{"@type":"ListItem","position":1,"name":"Startseite","item":"https:\/\/hetra-gss.de\/"},{"@type":"ListItem","position":2,"name":"Standorte"}]},{"@type":"WebSite","@id":"https:\/\/hetra-gss.de\/#website","url":"https:\/\/hetra-gss.de\/","name":"Hetra-GSS GmbH","description":"Nachhaltigkeit in Bewegung: Ma\u00dfgeschneiderte F\u00f6rdertechnik!","publisher":{"@id":"https:\/\/hetra-gss.de\/#organization"},"potentialAction":[{"@type":"SearchAction","target":{"@type":"EntryPoint","urlTemplate":"https:\/\/hetra-gss.de\/?s={search_term_string}"},"query-input":{"@type":"PropertyValueSpecification","valueRequired":true,"valueName":"search_term_string"}}],"inLanguage":"en-US"},{"@type":"Organization","@id":"https:\/\/hetra-gss.de\/#organization","name":"Hetra-GSS GmbH","url":"https:\/\/hetra-gss.de\/","logo":{"@type":"ImageObject","inLanguage":"en-US","@id":"https:\/\/hetra-gss.de\/#\/schema\/logo\/image\/","url":"https:\/\/hetra-gss.de\/wp-content\/uploads\/2024\/01\/cropped-Fimenlogo-1.webp","contentUrl":"https:\/\/hetra-gss.de\/wp-content\/uploads\/2024\/01\/cropped-Fimenlogo-1.webp","width":799,"height":343,"caption":"Hetra-GSS GmbH"},"image":{"@id":"https:\/\/hetra-gss.de\/#\/schema\/logo\/image\/"}}]}},"_links":{"self":[{"href":"https:\/\/hetra-gss.de\/en\/wp-json\/wp\/v2\/pages\/10066","targetHints":{"allow":["GET"]}}],"collection":[{"href":"https:\/\/hetra-gss.de\/en\/wp-json\/wp\/v2\/pages"}],"about":[{"href":"https:\/\/hetra-gss.de\/en\/wp-json\/wp\/v2\/types\/page"}],"author":[{"embeddable":true,"href":"https:\/\/hetra-gss.de\/en\/wp-json\/wp\/v2\/users\/1"}],"replies":[{"embeddable":true,"href":"https:\/\/hetra-gss.de\/en\/wp-json\/wp\/v2\/comments?post=10066"}],"version-history":[{"count":11,"href":"https:\/\/hetra-gss.de\/en\/wp-json\/wp\/v2\/pages\/10066\/revisions"}],"predecessor-version":[{"id":10079,"href":"https:\/\/hetra-gss.de\/en\/wp-json\/wp\/v2\/pages\/10066\/revisions\/10079"}],"wp:attachment":[{"href":"https:\/\/hetra-gss.de\/en\/wp-json\/wp\/v2\/media?parent=10066"}],"curies":[{"name":"wp","href":"https:\/\/api.w.org\/{rel}","templated":true}]}}