{"id":333,"date":"2023-03-06T07:05:45","date_gmt":"2023-03-06T07:05:45","guid":{"rendered":"https:\/\/hetra-gss.de\/?page_id=333"},"modified":"2024-02-05T12:27:47","modified_gmt":"2024-02-05T12:27:47","slug":"sand-und-kiesindustrie","status":"publish","type":"page","link":"https:\/\/hetra-gss.de\/en\/branchen\/sand-und-kiesindustrie\/","title":{"rendered":"Sand and gravel industry"},"content":{"rendered":"<div data-elementor-type=\"wp-page\" data-elementor-id=\"333\" class=\"elementor elementor-333\">\n\t\t\t\t\t\t<section class=\"elementor-section elementor-top-section elementor-element elementor-element-62161860 elementor-section-height-min-height elementor-section-items-top elementor-section-boxed elementor-section-height-default\" data-id=\"62161860\" data-element_type=\"section\" data-settings=\"{&quot;background_background&quot;:&quot;slideshow&quot;,&quot;background_slideshow_gallery&quot;:[{&quot;id&quot;:9975,&quot;url&quot;:&quot;https:\\\/\\\/hetra-gss.de\\\/wp-content\\\/uploads\\\/2024\\\/02\\\/Sand-und-Kiesaufbereitungsanlage.webp&quot;}],&quot;background_slideshow_slide_duration&quot;:5000,&quot;background_slideshow_slide_transition&quot;:&quot;fade&quot;,&quot;background_slideshow_transition_duration&quot;:500}\">\n\t\t\t\t\t\t<div class=\"elementor-container elementor-column-gap-no\">\n\t\t\t\t\t<div class=\"elementor-column elementor-col-100 elementor-top-column elementor-element elementor-element-48fdb23e\" data-id=\"48fdb23e\" data-element_type=\"column\">\n\t\t\t<div class=\"elementor-widget-wrap\">\n\t\t\t\t\t\t\t<\/div>\n\t\t<\/div>\n\t\t\t\t\t<\/div>\n\t\t<\/section>\n\t\t\t\t<section class=\"elementor-section elementor-top-section elementor-element elementor-element-6c1d9a1 elementor-section-boxed elementor-section-height-default elementor-section-height-default\" data-id=\"6c1d9a1\" data-element_type=\"section\">\n\t\t\t\t\t\t<div class=\"elementor-container elementor-column-gap-extended\">\n\t\t\t\t\t<div class=\"elementor-column elementor-col-100 elementor-top-column elementor-element elementor-element-9b83f8f\" data-id=\"9b83f8f\" data-element_type=\"column\">\n\t\t\t<div class=\"elementor-widget-wrap elementor-element-populated\">\n\t\t\t\t\t\t<div class=\"elementor-element elementor-element-e08bdc2 elementor-widget__width-initial elementor-widget elementor-widget-heading\" data-id=\"e08bdc2\" data-element_type=\"widget\" data-widget_type=\"heading.default\">\n\t\t\t\t<div class=\"elementor-widget-container\">\n\t\t\t\t\t<h2 class=\"elementor-heading-title elementor-size-default\">Sand and gravel industry<\/h2>\t\t\t\t<\/div>\n\t\t\t\t<\/div>\n\t\t\t\t\t<\/div>\n\t\t<\/div>\n\t\t\t\t\t<\/div>\n\t\t<\/section>\n\t\t\t\t<section class=\"elementor-section elementor-top-section elementor-element elementor-element-c19305b elementor-section-boxed elementor-section-height-default elementor-section-height-default\" data-id=\"c19305b\" data-element_type=\"section\">\n\t\t\t\t\t\t<div class=\"elementor-container elementor-column-gap-extended\">\n\t\t\t\t\t<div class=\"elementor-column elementor-col-100 elementor-top-column elementor-element elementor-element-142c6c9\" data-id=\"142c6c9\" data-element_type=\"column\">\n\t\t\t<div class=\"elementor-widget-wrap elementor-element-populated\">\n\t\t\t\t\t\t<div class=\"elementor-element elementor-element-830bf43 elementor-widget elementor-widget-text-editor\" data-id=\"830bf43\" data-element_type=\"widget\" data-widget_type=\"text-editor.default\">\n\t\t\t\t<div class=\"elementor-widget-container\">\n\t\t\t\t\t\t\t\t\t<p>The sand and gravel industry extracts and processes high-quality construction materials such as sand, gravel and crushed stone. It provides the construction industry with essential materials for infrastructure projects and supports sustainable development.<\/p>\t\t\t\t\t\t\t\t<\/div>\n\t\t\t\t<\/div>\n\t\t\t\t\t<\/div>\n\t\t<\/div>\n\t\t\t\t\t<\/div>\n\t\t<\/section>\n\t\t\t\t<section class=\"elementor-section elementor-top-section elementor-element elementor-element-5f3a975 elementor-section-boxed elementor-section-height-default elementor-section-height-default\" data-id=\"5f3a975\" data-element_type=\"section\">\n\t\t\t\t\t\t<div class=\"elementor-container elementor-column-gap-extended\">\n\t\t\t\t\t<div class=\"elementor-column elementor-col-100 elementor-top-column elementor-element elementor-element-51f6a12\" data-id=\"51f6a12\" data-element_type=\"column\">\n\t\t\t<div class=\"elementor-widget-wrap elementor-element-populated\">\n\t\t\t\t\t\t<div class=\"elementor-element elementor-element-8ae0090 elementor-widget__width-initial elementor-widget elementor-widget-heading\" data-id=\"8ae0090\" data-element_type=\"widget\" data-widget_type=\"heading.default\">\n\t\t\t\t<div class=\"elementor-widget-container\">\n\t\t\t\t\t<h2 class=\"elementor-heading-title elementor-size-default\">Resources for construction and infrastructure projects<\/h2>\t\t\t\t<\/div>\n\t\t\t\t<\/div>\n\t\t\t\t\t<\/div>\n\t\t<\/div>\n\t\t\t\t\t<\/div>\n\t\t<\/section>\n\t\t\t\t<section class=\"elementor-section elementor-top-section elementor-element elementor-element-bb2d297 elementor-section-boxed elementor-section-height-default elementor-section-height-default\" data-id=\"bb2d297\" data-element_type=\"section\">\n\t\t\t\t\t\t<div class=\"elementor-container elementor-column-gap-extended\">\n\t\t\t\t\t<div class=\"elementor-column elementor-col-100 elementor-top-column elementor-element elementor-element-5453aec\" data-id=\"5453aec\" data-element_type=\"column\">\n\t\t\t<div class=\"elementor-widget-wrap elementor-element-populated\">\n\t\t\t\t\t\t<div class=\"elementor-element elementor-element-35641ff elementor-widget elementor-widget-text-editor\" data-id=\"35641ff\" data-element_type=\"widget\" data-widget_type=\"text-editor.default\">\n\t\t\t\t<div class=\"elementor-widget-container\">\n\t\t\t\t\t\t\t\t\t<p>The sand and gravel industry plays a crucial role in providing building materials for the construction and infrastructure sector. Our company, the Hetra-GSS GmbH, as an experienced expert in intralogistics products and steel structures, manufactures conveyor systems specifically designed to meet the requirements of the sand and gravel industry. Our solutions enable efficient material handling, sorting and processing of sand and gravel as well as loading into trucks, wagons and ships. These high-quality products help the sand and gravel industry meet the needs of downstream industries such as construction and concrete manufacturing, and contribute to a smooth supply chain.<\/p>\t\t\t\t\t\t\t\t<\/div>\n\t\t\t\t<\/div>\n\t\t\t\t\t<\/div>\n\t\t<\/div>\n\t\t\t\t\t<\/div>\n\t\t<\/section>\n\t\t\t\t<section class=\"elementor-section elementor-top-section elementor-element elementor-element-b212238 elementor-section-boxed elementor-section-height-default elementor-section-height-default\" data-id=\"b212238\" data-element_type=\"section\">\n\t\t\t\t\t\t<div class=\"elementor-container elementor-column-gap-extended\">\n\t\t\t\t\t<div class=\"elementor-column elementor-col-50 elementor-top-column elementor-element elementor-element-3008ca9 b\" data-id=\"3008ca9\" data-element_type=\"column\">\n\t\t\t<div class=\"elementor-widget-wrap elementor-element-populated\">\n\t\t\t\t\t\t<div class=\"elementor-element elementor-element-d687a8c a elementor-widget elementor-widget-image\" data-id=\"d687a8c\" data-element_type=\"widget\" data-widget_type=\"image.default\">\n\t\t\t\t<div class=\"elementor-widget-container\">\n\t\t\t\t\t\t\t\t\t\t\t\t\t\t\t\t<a href=\"https:\/\/hetra-gss.de\/wp-content\/uploads\/2024\/02\/Sand-und-Kies-Aufbereitungsanlage2.webp\" data-elementor-open-lightbox=\"yes\" data-e-action-hash=\"#elementor-action%3Aaction%3Dlightbox%26settings%3DeyJpZCI6OTczOCwidXJsIjoiaHR0cHM6XC9cL2hldHJhLWdzcy5kZVwvd3AtY29udGVudFwvdXBsb2Fkc1wvMjAyNFwvMDJcL1NhbmQtdW5kLUtpZXMtQXVmYmVyZWl0dW5nc2FubGFnZTIud2VicCJ9\">\n\t\t\t\t\t\t\t<img fetchpriority=\"high\" decoding=\"async\" width=\"600\" height=\"600\" src=\"https:\/\/hetra-gss.de\/wp-content\/uploads\/2024\/02\/Sand-und-Kies-Aufbereitungsanlage2-600x600.webp\" class=\"attachment-ocean-thumb-m size-ocean-thumb-m wp-image-9738\" alt=\"\" srcset=\"https:\/\/hetra-gss.de\/wp-content\/uploads\/2024\/02\/Sand-und-Kies-Aufbereitungsanlage2-600x600.webp 600w, https:\/\/hetra-gss.de\/wp-content\/uploads\/2024\/02\/Sand-und-Kies-Aufbereitungsanlage2-150x150.webp 150w\" sizes=\"(max-width: 600px) 100vw, 600px\" \/>\t\t\t\t\t\t\t\t<\/a>\n\t\t\t\t\t\t\t\t\t\t\t\t\t\t\t<\/div>\n\t\t\t\t<\/div>\n\t\t\t\t\t<\/div>\n\t\t<\/div>\n\t\t\t\t<div class=\"elementor-column elementor-col-50 elementor-top-column elementor-element elementor-element-7040ea9 b\" data-id=\"7040ea9\" data-element_type=\"column\">\n\t\t\t<div class=\"elementor-widget-wrap elementor-element-populated\">\n\t\t\t\t\t\t<div class=\"elementor-element elementor-element-17c5d28 a elementor-widget elementor-widget-image\" data-id=\"17c5d28\" data-element_type=\"widget\" data-widget_type=\"image.default\">\n\t\t\t\t<div class=\"elementor-widget-container\">\n\t\t\t\t\t\t\t\t\t\t\t\t\t\t\t\t<a href=\"https:\/\/hetra-gss.de\/wp-content\/uploads\/2024\/01\/Sand-und-Kiesaufbereitungsanlage.webp\" data-elementor-open-lightbox=\"yes\" data-e-action-hash=\"#elementor-action%3Aaction%3Dlightbox%26settings%3DeyJpZCI6OTYyNSwidXJsIjoiaHR0cHM6XC9cL2hldHJhLWdzcy5kZVwvd3AtY29udGVudFwvdXBsb2Fkc1wvMjAyNFwvMDFcL1NhbmQtdW5kLUtpZXNhdWZiZXJlaXR1bmdzYW5sYWdlLndlYnAifQ%3D%3D\">\n\t\t\t\t\t\t\t<img decoding=\"async\" width=\"600\" height=\"600\" src=\"https:\/\/hetra-gss.de\/wp-content\/uploads\/2024\/01\/Sand-und-Kiesaufbereitungsanlage-600x600.webp\" class=\"attachment-ocean-thumb-m size-ocean-thumb-m wp-image-9625\" alt=\"\" srcset=\"https:\/\/hetra-gss.de\/wp-content\/uploads\/2024\/01\/Sand-und-Kiesaufbereitungsanlage-600x600.webp 600w, https:\/\/hetra-gss.de\/wp-content\/uploads\/2024\/01\/Sand-und-Kiesaufbereitungsanlage-150x150.webp 150w\" sizes=\"(max-width: 600px) 100vw, 600px\" \/>\t\t\t\t\t\t\t\t<\/a>\n\t\t\t\t\t\t\t\t\t\t\t\t\t\t\t<\/div>\n\t\t\t\t<\/div>\n\t\t\t\t\t<\/div>\n\t\t<\/div>\n\t\t\t\t\t<\/div>\n\t\t<\/section>\n\t\t\t\t<\/div>","protected":false},"excerpt":{"rendered":"<p>Sand- und Kiesindustrie Die Sand- und Kiesindustrie f\u00f6rdert und verarbeitet hochwertige Baustoffe wie Sand, Kies und Schotter. Sie versorgt die Bauindustrie mit essentiellen Materialien f\u00fcr Infrastrukturprojekte und unterst\u00fctzt die nachhaltige Entwicklung. Ressourcen f\u00fcr Bau- und Infrastrukturprojekte Die Sand- und Kiesindustrie spielt eine entscheidende Rolle bei der Bereitstellung von Baumaterialien f\u00fcr den Bau- und Infrastruktursektor. Unsere [&hellip;]<\/p>","protected":false},"author":1,"featured_media":0,"parent":24,"menu_order":0,"comment_status":"closed","ping_status":"closed","template":"","meta":{"ocean_post_layout":"full-screen","ocean_both_sidebars_style":"","ocean_both_sidebars_content_width":0,"ocean_both_sidebars_sidebars_width":0,"ocean_sidebar":"0","ocean_second_sidebar":"0","ocean_disable_margins":"enable","ocean_add_body_class":"","ocean_shortcode_before_top_bar":"","ocean_shortcode_after_top_bar":"","ocean_shortcode_before_header":"","ocean_shortcode_after_header":"","ocean_has_shortcode":"","ocean_shortcode_after_title":"","ocean_shortcode_before_footer_widgets":"","ocean_shortcode_after_footer_widgets":"","ocean_shortcode_before_footer_bottom":"","ocean_shortcode_after_footer_bottom":"","ocean_display_top_bar":"off","ocean_display_header":"default","ocean_header_style":"","ocean_center_header_left_menu":"0","ocean_custom_header_template":"0","ocean_custom_logo":0,"ocean_custom_retina_logo":0,"ocean_custom_logo_max_width":0,"ocean_custom_logo_tablet_max_width":0,"ocean_custom_logo_mobile_max_width":0,"ocean_custom_logo_max_height":0,"ocean_custom_logo_tablet_max_height":0,"ocean_custom_logo_mobile_max_height":0,"ocean_header_custom_menu":"0","ocean_menu_typo_font_family":"0","ocean_menu_typo_font_subset":"","ocean_menu_typo_font_size":0,"ocean_menu_typo_font_size_tablet":0,"ocean_menu_typo_font_size_mobile":0,"ocean_menu_typo_font_size_unit":"px","ocean_menu_typo_font_weight":"","ocean_menu_typo_font_weight_tablet":"","ocean_menu_typo_font_weight_mobile":"","ocean_menu_typo_transform":"","ocean_menu_typo_transform_tablet":"","ocean_menu_typo_transform_mobile":"","ocean_menu_typo_line_height":0,"ocean_menu_typo_line_height_tablet":0,"ocean_menu_typo_line_height_mobile":0,"ocean_menu_typo_line_height_unit":"","ocean_menu_typo_spacing":0,"ocean_menu_typo_spacing_tablet":0,"ocean_menu_typo_spacing_mobile":0,"ocean_menu_typo_spacing_unit":"","ocean_menu_link_color":"","ocean_menu_link_color_hover":"","ocean_menu_link_color_active":"","ocean_menu_link_background":"","ocean_menu_link_hover_background":"","ocean_menu_link_active_background":"","ocean_menu_social_links_bg":"","ocean_menu_social_hover_links_bg":"","ocean_menu_social_links_color":"","ocean_menu_social_hover_links_color":"","ocean_disable_title":"on","ocean_disable_heading":"default","ocean_post_title":"","ocean_post_subheading":"","ocean_post_title_style":"","ocean_post_title_background_color":"","ocean_post_title_background":0,"ocean_post_title_bg_image_position":"","ocean_post_title_bg_image_attachment":"","ocean_post_title_bg_image_repeat":"","ocean_post_title_bg_image_size":"","ocean_post_title_height":0,"ocean_post_title_bg_overlay":0.5,"ocean_post_title_bg_overlay_color":"","ocean_disable_breadcrumbs":"default","ocean_breadcrumbs_color":"","ocean_breadcrumbs_separator_color":"","ocean_breadcrumbs_links_color":"","ocean_breadcrumbs_links_hover_color":"","ocean_display_footer_widgets":"default","ocean_display_footer_bottom":"off","ocean_custom_footer_template":"1343","footnotes":""},"class_list":["post-333","page","type-page","status-publish","hentry","entry"],"yoast_head":"<!-- This site is optimized with the Yoast SEO plugin v26.4 - https:\/\/yoast.com\/wordpress\/plugins\/seo\/ -->\n<title>Sand- und Kiesindustrie - Hetra-GSS GmbH<\/title>\n<meta name=\"description\" content=\"Wir bieten spezialisierte Technologie, um die Leistung in der Sand- und Kiesindustrie zu steigern. Erfahren Sie mehr \u00fcber unsere L\u00f6sungen.\" \/>\n<meta name=\"robots\" content=\"index, follow, max-snippet:-1, max-image-preview:large, max-video-preview:-1\" \/>\n<link rel=\"canonical\" href=\"https:\/\/hetra-gss.de\/en\/branchen\/sand-und-kiesindustrie\/\" \/>\n<meta property=\"og:locale\" content=\"en_US\" \/>\n<meta property=\"og:type\" content=\"article\" \/>\n<meta property=\"og:title\" content=\"Sand- und Kiesindustrie - Hetra-GSS GmbH\" \/>\n<meta property=\"og:description\" content=\"Wir bieten spezialisierte Technologie, um die Leistung in der Sand- und Kiesindustrie zu steigern. Erfahren Sie mehr \u00fcber unsere L\u00f6sungen.\" \/>\n<meta property=\"og:url\" content=\"https:\/\/hetra-gss.de\/en\/branchen\/sand-und-kiesindustrie\/\" \/>\n<meta property=\"og:site_name\" content=\"Hetra-GSS GmbH\" \/>\n<meta property=\"article:modified_time\" content=\"2024-02-05T12:27:47+00:00\" \/>\n<meta property=\"og:image\" content=\"https:\/\/hetra-gss.de\/wp-content\/uploads\/2024\/02\/Sand-und-Kies-Aufbereitungsanlage2-600x600.webp\" \/>\n<meta name=\"twitter:card\" content=\"summary_large_image\" \/>\n<meta name=\"twitter:label1\" content=\"Est. reading time\" \/>\n\t<meta name=\"twitter:data1\" content=\"2 minutes\" \/>\n<script type=\"application\/ld+json\" class=\"yoast-schema-graph\">{\"@context\":\"https:\/\/schema.org\",\"@graph\":[{\"@type\":\"WebPage\",\"@id\":\"https:\/\/hetra-gss.de\/branchen\/sand-und-kiesindustrie\/\",\"url\":\"https:\/\/hetra-gss.de\/branchen\/sand-und-kiesindustrie\/\",\"name\":\"Sand- und Kiesindustrie - Hetra-GSS GmbH\",\"isPartOf\":{\"@id\":\"https:\/\/hetra-gss.de\/#website\"},\"primaryImageOfPage\":{\"@id\":\"https:\/\/hetra-gss.de\/branchen\/sand-und-kiesindustrie\/#primaryimage\"},\"image\":{\"@id\":\"https:\/\/hetra-gss.de\/branchen\/sand-und-kiesindustrie\/#primaryimage\"},\"thumbnailUrl\":\"https:\/\/hetra-gss.de\/wp-content\/uploads\/2024\/02\/Sand-und-Kies-Aufbereitungsanlage2-600x600.webp\",\"datePublished\":\"2023-03-06T07:05:45+00:00\",\"dateModified\":\"2024-02-05T12:27:47+00:00\",\"description\":\"Wir bieten spezialisierte Technologie, um die Leistung in der Sand- und Kiesindustrie zu steigern. Erfahren Sie mehr \u00fcber unsere L\u00f6sungen.\",\"breadcrumb\":{\"@id\":\"https:\/\/hetra-gss.de\/branchen\/sand-und-kiesindustrie\/#breadcrumb\"},\"inLanguage\":\"en-US\",\"potentialAction\":[{\"@type\":\"ReadAction\",\"target\":[\"https:\/\/hetra-gss.de\/branchen\/sand-und-kiesindustrie\/\"]}]},{\"@type\":\"ImageObject\",\"inLanguage\":\"en-US\",\"@id\":\"https:\/\/hetra-gss.de\/branchen\/sand-und-kiesindustrie\/#primaryimage\",\"url\":\"https:\/\/hetra-gss.de\/wp-content\/uploads\/2024\/02\/Sand-und-Kies-Aufbereitungsanlage2-600x600.webp\",\"contentUrl\":\"https:\/\/hetra-gss.de\/wp-content\/uploads\/2024\/02\/Sand-und-Kies-Aufbereitungsanlage2-600x600.webp\"},{\"@type\":\"BreadcrumbList\",\"@id\":\"https:\/\/hetra-gss.de\/branchen\/sand-und-kiesindustrie\/#breadcrumb\",\"itemListElement\":[{\"@type\":\"ListItem\",\"position\":1,\"name\":\"Startseite\",\"item\":\"https:\/\/hetra-gss.de\/\"},{\"@type\":\"ListItem\",\"position\":2,\"name\":\"Branchen\",\"item\":\"https:\/\/hetra-gss.de\/branchen\/\"},{\"@type\":\"ListItem\",\"position\":3,\"name\":\"Sand- und Kiesindustrie\"}]},{\"@type\":\"WebSite\",\"@id\":\"https:\/\/hetra-gss.de\/#website\",\"url\":\"https:\/\/hetra-gss.de\/\",\"name\":\"Hetra-GSS GmbH\",\"description\":\"Nachhaltigkeit in Bewegung: Ma\u00dfgeschneiderte F\u00f6rdertechnik!\",\"publisher\":{\"@id\":\"https:\/\/hetra-gss.de\/#organization\"},\"potentialAction\":[{\"@type\":\"SearchAction\",\"target\":{\"@type\":\"EntryPoint\",\"urlTemplate\":\"https:\/\/hetra-gss.de\/?s={search_term_string}\"},\"query-input\":{\"@type\":\"PropertyValueSpecification\",\"valueRequired\":true,\"valueName\":\"search_term_string\"}}],\"inLanguage\":\"en-US\"},{\"@type\":\"Organization\",\"@id\":\"https:\/\/hetra-gss.de\/#organization\",\"name\":\"Hetra-GSS GmbH\",\"url\":\"https:\/\/hetra-gss.de\/\",\"logo\":{\"@type\":\"ImageObject\",\"inLanguage\":\"en-US\",\"@id\":\"https:\/\/hetra-gss.de\/#\/schema\/logo\/image\/\",\"url\":\"https:\/\/hetra-gss.de\/wp-content\/uploads\/2024\/01\/cropped-Fimenlogo-1.webp\",\"contentUrl\":\"https:\/\/hetra-gss.de\/wp-content\/uploads\/2024\/01\/cropped-Fimenlogo-1.webp\",\"width\":799,\"height\":343,\"caption\":\"Hetra-GSS GmbH\"},\"image\":{\"@id\":\"https:\/\/hetra-gss.de\/#\/schema\/logo\/image\/\"}}]}<\/script>\n<!-- \/ Yoast SEO plugin. -->","yoast_head_json":{"title":"Sand- und Kiesindustrie - Hetra-GSS GmbH","description":"Wir bieten spezialisierte Technologie, um die Leistung in der Sand- und Kiesindustrie zu steigern. Erfahren Sie mehr \u00fcber unsere L\u00f6sungen.","robots":{"index":"index","follow":"follow","max-snippet":"max-snippet:-1","max-image-preview":"max-image-preview:large","max-video-preview":"max-video-preview:-1"},"canonical":"https:\/\/hetra-gss.de\/en\/branchen\/sand-und-kiesindustrie\/","og_locale":"en_US","og_type":"article","og_title":"Sand- und Kiesindustrie - Hetra-GSS GmbH","og_description":"Wir bieten spezialisierte Technologie, um die Leistung in der Sand- und Kiesindustrie zu steigern. Erfahren Sie mehr \u00fcber unsere L\u00f6sungen.","og_url":"https:\/\/hetra-gss.de\/en\/branchen\/sand-und-kiesindustrie\/","og_site_name":"Hetra-GSS GmbH","article_modified_time":"2024-02-05T12:27:47+00:00","og_image":[{"url":"https:\/\/hetra-gss.de\/wp-content\/uploads\/2024\/02\/Sand-und-Kies-Aufbereitungsanlage2-600x600.webp","type":"","width":"","height":""}],"twitter_card":"summary_large_image","twitter_misc":{"Est. reading time":"2 minutes"},"schema":{"@context":"https:\/\/schema.org","@graph":[{"@type":"WebPage","@id":"https:\/\/hetra-gss.de\/branchen\/sand-und-kiesindustrie\/","url":"https:\/\/hetra-gss.de\/branchen\/sand-und-kiesindustrie\/","name":"Sand- und Kiesindustrie - Hetra-GSS GmbH","isPartOf":{"@id":"https:\/\/hetra-gss.de\/#website"},"primaryImageOfPage":{"@id":"https:\/\/hetra-gss.de\/branchen\/sand-und-kiesindustrie\/#primaryimage"},"image":{"@id":"https:\/\/hetra-gss.de\/branchen\/sand-und-kiesindustrie\/#primaryimage"},"thumbnailUrl":"https:\/\/hetra-gss.de\/wp-content\/uploads\/2024\/02\/Sand-und-Kies-Aufbereitungsanlage2-600x600.webp","datePublished":"2023-03-06T07:05:45+00:00","dateModified":"2024-02-05T12:27:47+00:00","description":"Wir bieten spezialisierte Technologie, um die Leistung in der Sand- und Kiesindustrie zu steigern. Erfahren Sie mehr \u00fcber unsere L\u00f6sungen.","breadcrumb":{"@id":"https:\/\/hetra-gss.de\/branchen\/sand-und-kiesindustrie\/#breadcrumb"},"inLanguage":"en-US","potentialAction":[{"@type":"ReadAction","target":["https:\/\/hetra-gss.de\/branchen\/sand-und-kiesindustrie\/"]}]},{"@type":"ImageObject","inLanguage":"en-US","@id":"https:\/\/hetra-gss.de\/branchen\/sand-und-kiesindustrie\/#primaryimage","url":"https:\/\/hetra-gss.de\/wp-content\/uploads\/2024\/02\/Sand-und-Kies-Aufbereitungsanlage2-600x600.webp","contentUrl":"https:\/\/hetra-gss.de\/wp-content\/uploads\/2024\/02\/Sand-und-Kies-Aufbereitungsanlage2-600x600.webp"},{"@type":"BreadcrumbList","@id":"https:\/\/hetra-gss.de\/branchen\/sand-und-kiesindustrie\/#breadcrumb","itemListElement":[{"@type":"ListItem","position":1,"name":"Startseite","item":"https:\/\/hetra-gss.de\/"},{"@type":"ListItem","position":2,"name":"Branchen","item":"https:\/\/hetra-gss.de\/branchen\/"},{"@type":"ListItem","position":3,"name":"Sand- und Kiesindustrie"}]},{"@type":"WebSite","@id":"https:\/\/hetra-gss.de\/#website","url":"https:\/\/hetra-gss.de\/","name":"Hetra-GSS GmbH","description":"Nachhaltigkeit in Bewegung: Ma\u00dfgeschneiderte F\u00f6rdertechnik!","publisher":{"@id":"https:\/\/hetra-gss.de\/#organization"},"potentialAction":[{"@type":"SearchAction","target":{"@type":"EntryPoint","urlTemplate":"https:\/\/hetra-gss.de\/?s={search_term_string}"},"query-input":{"@type":"PropertyValueSpecification","valueRequired":true,"valueName":"search_term_string"}}],"inLanguage":"en-US"},{"@type":"Organization","@id":"https:\/\/hetra-gss.de\/#organization","name":"Hetra-GSS GmbH","url":"https:\/\/hetra-gss.de\/","logo":{"@type":"ImageObject","inLanguage":"en-US","@id":"https:\/\/hetra-gss.de\/#\/schema\/logo\/image\/","url":"https:\/\/hetra-gss.de\/wp-content\/uploads\/2024\/01\/cropped-Fimenlogo-1.webp","contentUrl":"https:\/\/hetra-gss.de\/wp-content\/uploads\/2024\/01\/cropped-Fimenlogo-1.webp","width":799,"height":343,"caption":"Hetra-GSS GmbH"},"image":{"@id":"https:\/\/hetra-gss.de\/#\/schema\/logo\/image\/"}}]}},"_links":{"self":[{"href":"https:\/\/hetra-gss.de\/en\/wp-json\/wp\/v2\/pages\/333","targetHints":{"allow":["GET"]}}],"collection":[{"href":"https:\/\/hetra-gss.de\/en\/wp-json\/wp\/v2\/pages"}],"about":[{"href":"https:\/\/hetra-gss.de\/en\/wp-json\/wp\/v2\/types\/page"}],"author":[{"embeddable":true,"href":"https:\/\/hetra-gss.de\/en\/wp-json\/wp\/v2\/users\/1"}],"replies":[{"embeddable":true,"href":"https:\/\/hetra-gss.de\/en\/wp-json\/wp\/v2\/comments?post=333"}],"version-history":[{"count":188,"href":"https:\/\/hetra-gss.de\/en\/wp-json\/wp\/v2\/pages\/333\/revisions"}],"predecessor-version":[{"id":10001,"href":"https:\/\/hetra-gss.de\/en\/wp-json\/wp\/v2\/pages\/333\/revisions\/10001"}],"up":[{"embeddable":true,"href":"https:\/\/hetra-gss.de\/en\/wp-json\/wp\/v2\/pages\/24"}],"wp:attachment":[{"href":"https:\/\/hetra-gss.de\/en\/wp-json\/wp\/v2\/media?parent=333"}],"curies":[{"name":"wp","href":"https:\/\/api.w.org\/{rel}","templated":true}]}}