{"id":4664,"date":"2023-06-01T07:41:05","date_gmt":"2023-06-01T07:41:05","guid":{"rendered":"https:\/\/hetra-gss.de\/?page_id=4664"},"modified":"2024-02-05T09:50:44","modified_gmt":"2024-02-05T09:50:44","slug":"ersatzteilmanagement","status":"publish","type":"page","link":"https:\/\/hetra-gss.de\/en\/service\/ersatzteilmanagement\/","title":{"rendered":"Spare parts management"},"content":{"rendered":"<div data-elementor-type=\"wp-page\" data-elementor-id=\"4664\" class=\"elementor elementor-4664\">\n\t\t\t\t\t\t<section class=\"elementor-section elementor-top-section elementor-element elementor-element-30e049a1 elementor-section-height-min-height elementor-section-items-top elementor-section-boxed elementor-section-height-default\" data-id=\"30e049a1\" data-element_type=\"section\" data-settings=\"{&quot;background_background&quot;:&quot;slideshow&quot;,&quot;background_slideshow_gallery&quot;:[{&quot;id&quot;:9709,&quot;url&quot;:&quot;https:\\\/\\\/hetra-gss.de\\\/wp-content\\\/uploads\\\/2024\\\/02\\\/Ersatzteilmanagement.webp&quot;}],&quot;background_slideshow_slide_duration&quot;:5000,&quot;background_slideshow_slide_transition&quot;:&quot;fade&quot;,&quot;background_slideshow_transition_duration&quot;:500}\">\n\t\t\t\t\t\t<div class=\"elementor-container elementor-column-gap-no\">\n\t\t\t\t\t<div class=\"elementor-column elementor-col-100 elementor-top-column elementor-element elementor-element-6fd37f9\" data-id=\"6fd37f9\" data-element_type=\"column\">\n\t\t\t<div class=\"elementor-widget-wrap\">\n\t\t\t\t\t\t\t<\/div>\n\t\t<\/div>\n\t\t\t\t\t<\/div>\n\t\t<\/section>\n\t\t\t\t<section class=\"elementor-section elementor-top-section elementor-element elementor-element-333d13d2 elementor-section-boxed elementor-section-height-default elementor-section-height-default\" data-id=\"333d13d2\" data-element_type=\"section\">\n\t\t\t\t\t\t<div class=\"elementor-container elementor-column-gap-extended\">\n\t\t\t\t\t<div class=\"elementor-column elementor-col-100 elementor-top-column elementor-element elementor-element-760de8d0\" data-id=\"760de8d0\" data-element_type=\"column\">\n\t\t\t<div class=\"elementor-widget-wrap elementor-element-populated\">\n\t\t\t\t\t\t<div class=\"elementor-element elementor-element-15621d7d elementor-widget__width-initial elementor-widget elementor-widget-heading\" data-id=\"15621d7d\" data-element_type=\"widget\" data-widget_type=\"heading.default\">\n\t\t\t\t<div class=\"elementor-widget-container\">\n\t\t\t\t\t<h2 class=\"elementor-heading-title elementor-size-default\">Spare parts management\n\n\n\n<\/h2>\t\t\t\t<\/div>\n\t\t\t\t<\/div>\n\t\t\t\t\t<\/div>\n\t\t<\/div>\n\t\t\t\t\t<\/div>\n\t\t<\/section>\n\t\t\t\t<section class=\"elementor-section elementor-top-section elementor-element elementor-element-506b1de0 elementor-section-boxed elementor-section-height-default elementor-section-height-default\" data-id=\"506b1de0\" data-element_type=\"section\">\n\t\t\t\t\t\t<div class=\"elementor-container elementor-column-gap-extended\">\n\t\t\t\t\t<div class=\"elementor-column elementor-col-100 elementor-top-column elementor-element elementor-element-721a8ffc\" data-id=\"721a8ffc\" data-element_type=\"column\">\n\t\t\t<div class=\"elementor-widget-wrap elementor-element-populated\">\n\t\t\t\t\t\t<div class=\"elementor-element elementor-element-6ecc3ec7 elementor-widget elementor-widget-text-editor\" data-id=\"6ecc3ec7\" data-element_type=\"widget\" data-widget_type=\"text-editor.default\">\n\t\t\t\t<div class=\"elementor-widget-container\">\n\t\t\t\t\t\t\t\t\t<p>Spare parts management is responsible for the efficient procurement, storage and provision of spare parts for machinery and equipment. It ensures a smooth flow of repairs and maintenance measures to minimize downtimes.<\/p>\t\t\t\t\t\t\t\t<\/div>\n\t\t\t\t<\/div>\n\t\t\t\t\t<\/div>\n\t\t<\/div>\n\t\t\t\t\t<\/div>\n\t\t<\/section>\n\t\t\t\t<section class=\"elementor-section elementor-top-section elementor-element elementor-element-fe57089 elementor-section-boxed elementor-section-height-default elementor-section-height-default\" data-id=\"fe57089\" data-element_type=\"section\">\n\t\t\t\t\t\t<div class=\"elementor-container elementor-column-gap-extended\">\n\t\t\t\t\t<div class=\"elementor-column elementor-col-100 elementor-top-column elementor-element elementor-element-8fc4483\" data-id=\"8fc4483\" data-element_type=\"column\">\n\t\t\t<div class=\"elementor-widget-wrap elementor-element-populated\">\n\t\t\t\t\t\t<div class=\"elementor-element elementor-element-7574de0 elementor-widget__width-initial elementor-widget elementor-widget-heading\" data-id=\"7574de0\" data-element_type=\"widget\" data-widget_type=\"heading.default\">\n\t\t\t\t<div class=\"elementor-widget-container\">\n\t\t\t\t\t<h2 class=\"elementor-heading-title elementor-size-default\">Effective supply for plant maintenance and repairs\n\n\n\n<\/h2>\t\t\t\t<\/div>\n\t\t\t\t<\/div>\n\t\t\t\t\t<\/div>\n\t\t<\/div>\n\t\t\t\t\t<\/div>\n\t\t<\/section>\n\t\t\t\t<section class=\"elementor-section elementor-top-section elementor-element elementor-element-8bd098a elementor-section-boxed elementor-section-height-default elementor-section-height-default\" data-id=\"8bd098a\" data-element_type=\"section\">\n\t\t\t\t\t\t<div class=\"elementor-container elementor-column-gap-extended\">\n\t\t\t\t\t<div class=\"elementor-column elementor-col-100 elementor-top-column elementor-element elementor-element-e477d60\" data-id=\"e477d60\" data-element_type=\"column\">\n\t\t\t<div class=\"elementor-widget-wrap elementor-element-populated\">\n\t\t\t\t\t\t<div class=\"elementor-element elementor-element-d5f4e78 elementor-widget elementor-widget-text-editor\" data-id=\"d5f4e78\" data-element_type=\"widget\" data-widget_type=\"text-editor.default\">\n\t\t\t\t<div class=\"elementor-widget-container\">\n\t\t\t\t\t\t\t\t\t<div class=\"group w-full text-gray-800 dark:text-gray-100 border-b border-black\/10 dark:border-gray-900\/50 bg-gray-50 dark:bg-[#444654]\"><div class=\"flex p-4 gap-4 text-base md:gap-6 md:max-w-2xl lg:max-w-xl xl:max-w-3xl md:py-6 lg:px-0 m-auto\"><div class=\"relative flex w-[calc(100%-50px)] flex-col gap-1 md:gap-3 lg:w-[calc(100%-115px)]\"><div class=\"flex flex-grow flex-col gap-3\"><div class=\"min-h-[20px] flex flex-col items-start gap-4 whitespace-pre-wrap break-words\"><div class=\"markdown prose w-full break-words dark:prose-invert light\"><p>Our professional spare parts management team ensures that you always have the spare parts you need to maintain your equipment. Through effective inventory management and supply chain, we ensure fast and reliable provision of spare parts to minimize downtime. With our extensive range of high-quality spare parts, you can be sure that your plants will operate continuously and smoothly. We also offer expert advice on selecting the right spare parts and support you in optimizing your spare parts strategy. Rely on our spare parts management to ensure the availability and reliability of your plants in the long term.<\/p><\/div><\/div><\/div><\/div><\/div><\/div>\t\t\t\t\t\t\t\t<\/div>\n\t\t\t\t<\/div>\n\t\t\t\t\t<\/div>\n\t\t<\/div>\n\t\t\t\t\t<\/div>\n\t\t<\/section>\n\t\t\t\t<section class=\"elementor-section elementor-top-section elementor-element elementor-element-2c98ea1 elementor-section-boxed elementor-section-height-default elementor-section-height-default\" data-id=\"2c98ea1\" data-element_type=\"section\">\n\t\t\t\t\t\t<div class=\"elementor-container elementor-column-gap-extended\">\n\t\t\t\t\t<div class=\"elementor-column elementor-col-50 elementor-top-column elementor-element elementor-element-8b4f4ea b\" data-id=\"8b4f4ea\" data-element_type=\"column\">\n\t\t\t<div class=\"elementor-widget-wrap elementor-element-populated\">\n\t\t\t\t\t\t<div class=\"elementor-element elementor-element-45dfff03 a elementor-widget elementor-widget-image\" data-id=\"45dfff03\" data-element_type=\"widget\" data-widget_type=\"image.default\">\n\t\t\t\t<div class=\"elementor-widget-container\">\n\t\t\t\t\t\t\t\t\t\t\t\t\t\t\t\t<a href=\"https:\/\/hetra-gss.de\/wp-content\/uploads\/2024\/02\/Ersatzteile.webp\" data-elementor-open-lightbox=\"yes\" data-e-action-hash=\"#elementor-action%3Aaction%3Dlightbox%26settings%3DeyJpZCI6OTcwOCwidXJsIjoiaHR0cHM6XC9cL2hldHJhLWdzcy5kZVwvd3AtY29udGVudFwvdXBsb2Fkc1wvMjAyNFwvMDJcL0Vyc2F0enRlaWxlLndlYnAifQ%3D%3D\">\n\t\t\t\t\t\t\t<img fetchpriority=\"high\" decoding=\"async\" width=\"600\" height=\"600\" src=\"https:\/\/hetra-gss.de\/wp-content\/uploads\/2024\/02\/Ersatzteile-600x600.webp\" class=\"attachment-ocean-thumb-m size-ocean-thumb-m wp-image-9708\" alt=\"\" srcset=\"https:\/\/hetra-gss.de\/wp-content\/uploads\/2024\/02\/Ersatzteile-600x600.webp 600w, https:\/\/hetra-gss.de\/wp-content\/uploads\/2024\/02\/Ersatzteile-150x150.webp 150w\" sizes=\"(max-width: 600px) 100vw, 600px\" \/>\t\t\t\t\t\t\t\t<\/a>\n\t\t\t\t\t\t\t\t\t\t\t\t\t\t\t<\/div>\n\t\t\t\t<\/div>\n\t\t\t\t\t<\/div>\n\t\t<\/div>\n\t\t\t\t<div class=\"elementor-column elementor-col-50 elementor-top-column elementor-element elementor-element-a060d90 b\" data-id=\"a060d90\" data-element_type=\"column\">\n\t\t\t<div class=\"elementor-widget-wrap elementor-element-populated\">\n\t\t\t\t\t\t<div class=\"elementor-element elementor-element-838e884 a elementor-widget elementor-widget-image\" data-id=\"838e884\" data-element_type=\"widget\" data-widget_type=\"image.default\">\n\t\t\t\t<div class=\"elementor-widget-container\">\n\t\t\t\t\t\t\t\t\t\t\t\t\t\t\t\t<a href=\"https:\/\/hetra-gss.de\/wp-content\/uploads\/2024\/02\/Ersatzteilmanagement3.webp\" data-elementor-open-lightbox=\"yes\" data-e-action-hash=\"#elementor-action%3Aaction%3Dlightbox%26settings%3DeyJpZCI6OTcxMCwidXJsIjoiaHR0cHM6XC9cL2hldHJhLWdzcy5kZVwvd3AtY29udGVudFwvdXBsb2Fkc1wvMjAyNFwvMDJcL0Vyc2F0enRlaWxtYW5hZ2VtZW50My53ZWJwIn0%3D\">\n\t\t\t\t\t\t\t<img decoding=\"async\" width=\"600\" height=\"600\" src=\"https:\/\/hetra-gss.de\/wp-content\/uploads\/2024\/02\/Ersatzteilmanagement3-600x600.webp\" class=\"attachment-ocean-thumb-m size-ocean-thumb-m wp-image-9710\" alt=\"\" srcset=\"https:\/\/hetra-gss.de\/wp-content\/uploads\/2024\/02\/Ersatzteilmanagement3-600x600.webp 600w, https:\/\/hetra-gss.de\/wp-content\/uploads\/2024\/02\/Ersatzteilmanagement3-150x150.webp 150w\" sizes=\"(max-width: 600px) 100vw, 600px\" \/>\t\t\t\t\t\t\t\t<\/a>\n\t\t\t\t\t\t\t\t\t\t\t\t\t\t\t<\/div>\n\t\t\t\t<\/div>\n\t\t\t\t\t<\/div>\n\t\t<\/div>\n\t\t\t\t\t<\/div>\n\t\t<\/section>\n\t\t\t\t<\/div>","protected":false},"excerpt":{"rendered":"<p>Ersatzteilmanagement Das Ersatzteilmanagement ist verantwortlich f\u00fcr die effiziente Beschaffung, Lagerung und Bereitstellung von Ersatzteilen f\u00fcr Maschinen und Anlagen. Es gew\u00e4hrleistet einen reibungslosen Ablauf von Reparaturen und Instandhaltungsma\u00dfnahmen, um Ausfallzeiten zu minimieren. Effektive Versorgung f\u00fcr Anlagenwartung und Reparaturen Unser professionelles Ersatzteilmanagement-Team stellt sicher, dass Sie stets die ben\u00f6tigten Ersatzteile f\u00fcr die Instandhaltung Ihrer Anlagen zur Verf\u00fcgung [&hellip;]<\/p>","protected":false},"author":1,"featured_media":0,"parent":28,"menu_order":0,"comment_status":"closed","ping_status":"closed","template":"","meta":{"ocean_post_layout":"full-screen","ocean_both_sidebars_style":"","ocean_both_sidebars_content_width":0,"ocean_both_sidebars_sidebars_width":0,"ocean_sidebar":"0","ocean_second_sidebar":"0","ocean_disable_margins":"enable","ocean_add_body_class":"","ocean_shortcode_before_top_bar":"","ocean_shortcode_after_top_bar":"","ocean_shortcode_before_header":"","ocean_shortcode_after_header":"","ocean_has_shortcode":"","ocean_shortcode_after_title":"","ocean_shortcode_before_footer_widgets":"","ocean_shortcode_after_footer_widgets":"","ocean_shortcode_before_footer_bottom":"","ocean_shortcode_after_footer_bottom":"","ocean_display_top_bar":"off","ocean_display_header":"default","ocean_header_style":"","ocean_center_header_left_menu":"0","ocean_custom_header_template":"0","ocean_custom_logo":0,"ocean_custom_retina_logo":0,"ocean_custom_logo_max_width":0,"ocean_custom_logo_tablet_max_width":0,"ocean_custom_logo_mobile_max_width":0,"ocean_custom_logo_max_height":0,"ocean_custom_logo_tablet_max_height":0,"ocean_custom_logo_mobile_max_height":0,"ocean_header_custom_menu":"0","ocean_menu_typo_font_family":"0","ocean_menu_typo_font_subset":"","ocean_menu_typo_font_size":0,"ocean_menu_typo_font_size_tablet":0,"ocean_menu_typo_font_size_mobile":0,"ocean_menu_typo_font_size_unit":"px","ocean_menu_typo_font_weight":"","ocean_menu_typo_font_weight_tablet":"","ocean_menu_typo_font_weight_mobile":"","ocean_menu_typo_transform":"","ocean_menu_typo_transform_tablet":"","ocean_menu_typo_transform_mobile":"","ocean_menu_typo_line_height":0,"ocean_menu_typo_line_height_tablet":0,"ocean_menu_typo_line_height_mobile":0,"ocean_menu_typo_line_height_unit":"","ocean_menu_typo_spacing":0,"ocean_menu_typo_spacing_tablet":0,"ocean_menu_typo_spacing_mobile":0,"ocean_menu_typo_spacing_unit":"","ocean_menu_link_color":"","ocean_menu_link_color_hover":"","ocean_menu_link_color_active":"","ocean_menu_link_background":"","ocean_menu_link_hover_background":"","ocean_menu_link_active_background":"","ocean_menu_social_links_bg":"","ocean_menu_social_hover_links_bg":"","ocean_menu_social_links_color":"","ocean_menu_social_hover_links_color":"","ocean_disable_title":"on","ocean_disable_heading":"default","ocean_post_title":"","ocean_post_subheading":"","ocean_post_title_style":"","ocean_post_title_background_color":"","ocean_post_title_background":0,"ocean_post_title_bg_image_position":"","ocean_post_title_bg_image_attachment":"","ocean_post_title_bg_image_repeat":"","ocean_post_title_bg_image_size":"","ocean_post_title_height":0,"ocean_post_title_bg_overlay":0.5,"ocean_post_title_bg_overlay_color":"","ocean_disable_breadcrumbs":"default","ocean_breadcrumbs_color":"","ocean_breadcrumbs_separator_color":"","ocean_breadcrumbs_links_color":"","ocean_breadcrumbs_links_hover_color":"","ocean_display_footer_widgets":"default","ocean_display_footer_bottom":"off","ocean_custom_footer_template":"1343","footnotes":""},"class_list":["post-4664","page","type-page","status-publish","hentry","entry"],"yoast_head":"<!-- This site is optimized with the Yoast SEO plugin v26.4 - https:\/\/yoast.com\/wordpress\/plugins\/seo\/ -->\n<title>Ersatzteilmanagement - Hetra-GSS GmbH<\/title>\n<meta name=\"description\" content=\"Effizientes Ersatzteilmanagement f\u00fcr Industrie und Produktion: Entdecken Sie L\u00f6sungen zur Optimierung Ihrer Betriebskontinuit\u00e4t.\" \/>\n<meta name=\"robots\" content=\"index, follow, max-snippet:-1, max-image-preview:large, max-video-preview:-1\" \/>\n<link rel=\"canonical\" href=\"https:\/\/hetra-gss.de\/en\/service\/ersatzteilmanagement\/\" \/>\n<meta property=\"og:locale\" content=\"en_US\" \/>\n<meta property=\"og:type\" content=\"article\" \/>\n<meta property=\"og:title\" content=\"Ersatzteilmanagement - Hetra-GSS GmbH\" \/>\n<meta property=\"og:description\" content=\"Effizientes Ersatzteilmanagement f\u00fcr Industrie und Produktion: Entdecken Sie L\u00f6sungen zur Optimierung Ihrer Betriebskontinuit\u00e4t.\" \/>\n<meta property=\"og:url\" content=\"https:\/\/hetra-gss.de\/en\/service\/ersatzteilmanagement\/\" \/>\n<meta property=\"og:site_name\" content=\"Hetra-GSS GmbH\" \/>\n<meta property=\"article:modified_time\" content=\"2024-02-05T09:50:44+00:00\" \/>\n<meta property=\"og:image\" content=\"https:\/\/hetra-gss.de\/wp-content\/uploads\/2024\/02\/Ersatzteile-600x600.webp\" \/>\n<meta name=\"twitter:card\" content=\"summary_large_image\" \/>\n<meta name=\"twitter:label1\" content=\"Est. reading time\" \/>\n\t<meta name=\"twitter:data1\" content=\"2 minutes\" \/>\n<script type=\"application\/ld+json\" class=\"yoast-schema-graph\">{\"@context\":\"https:\/\/schema.org\",\"@graph\":[{\"@type\":[\"WebPage\",\"ItemPage\"],\"@id\":\"https:\/\/hetra-gss.de\/service\/ersatzteilmanagement\/\",\"url\":\"https:\/\/hetra-gss.de\/service\/ersatzteilmanagement\/\",\"name\":\"Ersatzteilmanagement - Hetra-GSS GmbH\",\"isPartOf\":{\"@id\":\"https:\/\/hetra-gss.de\/#website\"},\"primaryImageOfPage\":{\"@id\":\"https:\/\/hetra-gss.de\/service\/ersatzteilmanagement\/#primaryimage\"},\"image\":{\"@id\":\"https:\/\/hetra-gss.de\/service\/ersatzteilmanagement\/#primaryimage\"},\"thumbnailUrl\":\"https:\/\/hetra-gss.de\/wp-content\/uploads\/2024\/02\/Ersatzteile-600x600.webp\",\"datePublished\":\"2023-06-01T07:41:05+00:00\",\"dateModified\":\"2024-02-05T09:50:44+00:00\",\"description\":\"Effizientes Ersatzteilmanagement f\u00fcr Industrie und Produktion: Entdecken Sie L\u00f6sungen zur Optimierung Ihrer Betriebskontinuit\u00e4t.\",\"breadcrumb\":{\"@id\":\"https:\/\/hetra-gss.de\/service\/ersatzteilmanagement\/#breadcrumb\"},\"inLanguage\":\"en-US\",\"potentialAction\":[{\"@type\":\"ReadAction\",\"target\":[\"https:\/\/hetra-gss.de\/service\/ersatzteilmanagement\/\"]}]},{\"@type\":\"ImageObject\",\"inLanguage\":\"en-US\",\"@id\":\"https:\/\/hetra-gss.de\/service\/ersatzteilmanagement\/#primaryimage\",\"url\":\"https:\/\/hetra-gss.de\/wp-content\/uploads\/2024\/02\/Ersatzteile-600x600.webp\",\"contentUrl\":\"https:\/\/hetra-gss.de\/wp-content\/uploads\/2024\/02\/Ersatzteile-600x600.webp\"},{\"@type\":\"BreadcrumbList\",\"@id\":\"https:\/\/hetra-gss.de\/service\/ersatzteilmanagement\/#breadcrumb\",\"itemListElement\":[{\"@type\":\"ListItem\",\"position\":1,\"name\":\"Startseite\",\"item\":\"https:\/\/hetra-gss.de\/\"},{\"@type\":\"ListItem\",\"position\":2,\"name\":\"Service\",\"item\":\"https:\/\/hetra-gss.de\/service\/\"},{\"@type\":\"ListItem\",\"position\":3,\"name\":\"Ersatzteilmanagement\"}]},{\"@type\":\"WebSite\",\"@id\":\"https:\/\/hetra-gss.de\/#website\",\"url\":\"https:\/\/hetra-gss.de\/\",\"name\":\"Hetra-GSS GmbH\",\"description\":\"Nachhaltigkeit in Bewegung: Ma\u00dfgeschneiderte F\u00f6rdertechnik!\",\"publisher\":{\"@id\":\"https:\/\/hetra-gss.de\/#organization\"},\"potentialAction\":[{\"@type\":\"SearchAction\",\"target\":{\"@type\":\"EntryPoint\",\"urlTemplate\":\"https:\/\/hetra-gss.de\/?s={search_term_string}\"},\"query-input\":{\"@type\":\"PropertyValueSpecification\",\"valueRequired\":true,\"valueName\":\"search_term_string\"}}],\"inLanguage\":\"en-US\"},{\"@type\":\"Organization\",\"@id\":\"https:\/\/hetra-gss.de\/#organization\",\"name\":\"Hetra-GSS GmbH\",\"url\":\"https:\/\/hetra-gss.de\/\",\"logo\":{\"@type\":\"ImageObject\",\"inLanguage\":\"en-US\",\"@id\":\"https:\/\/hetra-gss.de\/#\/schema\/logo\/image\/\",\"url\":\"https:\/\/hetra-gss.de\/wp-content\/uploads\/2024\/01\/cropped-Fimenlogo-1.webp\",\"contentUrl\":\"https:\/\/hetra-gss.de\/wp-content\/uploads\/2024\/01\/cropped-Fimenlogo-1.webp\",\"width\":799,\"height\":343,\"caption\":\"Hetra-GSS GmbH\"},\"image\":{\"@id\":\"https:\/\/hetra-gss.de\/#\/schema\/logo\/image\/\"}}]}<\/script>\n<!-- \/ Yoast SEO plugin. -->","yoast_head_json":{"title":"Ersatzteilmanagement - Hetra-GSS GmbH","description":"Effizientes Ersatzteilmanagement f\u00fcr Industrie und Produktion: Entdecken Sie L\u00f6sungen zur Optimierung Ihrer Betriebskontinuit\u00e4t.","robots":{"index":"index","follow":"follow","max-snippet":"max-snippet:-1","max-image-preview":"max-image-preview:large","max-video-preview":"max-video-preview:-1"},"canonical":"https:\/\/hetra-gss.de\/en\/service\/ersatzteilmanagement\/","og_locale":"en_US","og_type":"article","og_title":"Ersatzteilmanagement - Hetra-GSS GmbH","og_description":"Effizientes Ersatzteilmanagement f\u00fcr Industrie und Produktion: Entdecken Sie L\u00f6sungen zur Optimierung Ihrer Betriebskontinuit\u00e4t.","og_url":"https:\/\/hetra-gss.de\/en\/service\/ersatzteilmanagement\/","og_site_name":"Hetra-GSS GmbH","article_modified_time":"2024-02-05T09:50:44+00:00","og_image":[{"url":"https:\/\/hetra-gss.de\/wp-content\/uploads\/2024\/02\/Ersatzteile-600x600.webp","type":"","width":"","height":""}],"twitter_card":"summary_large_image","twitter_misc":{"Est. reading time":"2 minutes"},"schema":{"@context":"https:\/\/schema.org","@graph":[{"@type":["WebPage","ItemPage"],"@id":"https:\/\/hetra-gss.de\/service\/ersatzteilmanagement\/","url":"https:\/\/hetra-gss.de\/service\/ersatzteilmanagement\/","name":"Ersatzteilmanagement - Hetra-GSS GmbH","isPartOf":{"@id":"https:\/\/hetra-gss.de\/#website"},"primaryImageOfPage":{"@id":"https:\/\/hetra-gss.de\/service\/ersatzteilmanagement\/#primaryimage"},"image":{"@id":"https:\/\/hetra-gss.de\/service\/ersatzteilmanagement\/#primaryimage"},"thumbnailUrl":"https:\/\/hetra-gss.de\/wp-content\/uploads\/2024\/02\/Ersatzteile-600x600.webp","datePublished":"2023-06-01T07:41:05+00:00","dateModified":"2024-02-05T09:50:44+00:00","description":"Effizientes Ersatzteilmanagement f\u00fcr Industrie und Produktion: Entdecken Sie L\u00f6sungen zur Optimierung Ihrer Betriebskontinuit\u00e4t.","breadcrumb":{"@id":"https:\/\/hetra-gss.de\/service\/ersatzteilmanagement\/#breadcrumb"},"inLanguage":"en-US","potentialAction":[{"@type":"ReadAction","target":["https:\/\/hetra-gss.de\/service\/ersatzteilmanagement\/"]}]},{"@type":"ImageObject","inLanguage":"en-US","@id":"https:\/\/hetra-gss.de\/service\/ersatzteilmanagement\/#primaryimage","url":"https:\/\/hetra-gss.de\/wp-content\/uploads\/2024\/02\/Ersatzteile-600x600.webp","contentUrl":"https:\/\/hetra-gss.de\/wp-content\/uploads\/2024\/02\/Ersatzteile-600x600.webp"},{"@type":"BreadcrumbList","@id":"https:\/\/hetra-gss.de\/service\/ersatzteilmanagement\/#breadcrumb","itemListElement":[{"@type":"ListItem","position":1,"name":"Startseite","item":"https:\/\/hetra-gss.de\/"},{"@type":"ListItem","position":2,"name":"Service","item":"https:\/\/hetra-gss.de\/service\/"},{"@type":"ListItem","position":3,"name":"Ersatzteilmanagement"}]},{"@type":"WebSite","@id":"https:\/\/hetra-gss.de\/#website","url":"https:\/\/hetra-gss.de\/","name":"Hetra-GSS GmbH","description":"Nachhaltigkeit in Bewegung: Ma\u00dfgeschneiderte F\u00f6rdertechnik!","publisher":{"@id":"https:\/\/hetra-gss.de\/#organization"},"potentialAction":[{"@type":"SearchAction","target":{"@type":"EntryPoint","urlTemplate":"https:\/\/hetra-gss.de\/?s={search_term_string}"},"query-input":{"@type":"PropertyValueSpecification","valueRequired":true,"valueName":"search_term_string"}}],"inLanguage":"en-US"},{"@type":"Organization","@id":"https:\/\/hetra-gss.de\/#organization","name":"Hetra-GSS GmbH","url":"https:\/\/hetra-gss.de\/","logo":{"@type":"ImageObject","inLanguage":"en-US","@id":"https:\/\/hetra-gss.de\/#\/schema\/logo\/image\/","url":"https:\/\/hetra-gss.de\/wp-content\/uploads\/2024\/01\/cropped-Fimenlogo-1.webp","contentUrl":"https:\/\/hetra-gss.de\/wp-content\/uploads\/2024\/01\/cropped-Fimenlogo-1.webp","width":799,"height":343,"caption":"Hetra-GSS GmbH"},"image":{"@id":"https:\/\/hetra-gss.de\/#\/schema\/logo\/image\/"}}]}},"_links":{"self":[{"href":"https:\/\/hetra-gss.de\/en\/wp-json\/wp\/v2\/pages\/4664","targetHints":{"allow":["GET"]}}],"collection":[{"href":"https:\/\/hetra-gss.de\/en\/wp-json\/wp\/v2\/pages"}],"about":[{"href":"https:\/\/hetra-gss.de\/en\/wp-json\/wp\/v2\/types\/page"}],"author":[{"embeddable":true,"href":"https:\/\/hetra-gss.de\/en\/wp-json\/wp\/v2\/users\/1"}],"replies":[{"embeddable":true,"href":"https:\/\/hetra-gss.de\/en\/wp-json\/wp\/v2\/comments?post=4664"}],"version-history":[{"count":64,"href":"https:\/\/hetra-gss.de\/en\/wp-json\/wp\/v2\/pages\/4664\/revisions"}],"predecessor-version":[{"id":9844,"href":"https:\/\/hetra-gss.de\/en\/wp-json\/wp\/v2\/pages\/4664\/revisions\/9844"}],"up":[{"embeddable":true,"href":"https:\/\/hetra-gss.de\/en\/wp-json\/wp\/v2\/pages\/28"}],"wp:attachment":[{"href":"https:\/\/hetra-gss.de\/en\/wp-json\/wp\/v2\/media?parent=4664"}],"curies":[{"name":"wp","href":"https:\/\/api.w.org\/{rel}","templated":true}]}}