{"id":602,"date":"2023-03-07T08:52:08","date_gmt":"2023-03-07T08:52:08","guid":{"rendered":"https:\/\/hetra-gss.de\/?page_id=602"},"modified":"2024-02-05T10:32:44","modified_gmt":"2024-02-05T10:32:44","slug":"plattenbaender","status":"publish","type":"page","link":"https:\/\/hetra-gss.de\/en\/produkte\/foerdertechnik\/plattenbaender\/","title":{"rendered":"Slat conveyor"},"content":{"rendered":"<div data-elementor-type=\"wp-page\" data-elementor-id=\"602\" class=\"elementor elementor-602\">\n\t\t\t\t\t\t<section class=\"elementor-section elementor-top-section elementor-element elementor-element-298542a6 elementor-section-height-min-height elementor-section-items-top elementor-section-boxed elementor-section-height-default\" data-id=\"298542a6\" data-element_type=\"section\" data-settings=\"{&quot;background_background&quot;:&quot;slideshow&quot;,&quot;background_slideshow_gallery&quot;:[{&quot;id&quot;:9891,&quot;url&quot;:&quot;https:\\\/\\\/hetra-gss.de\\\/wp-content\\\/uploads\\\/2024\\\/02\\\/Plattenbaender-1.webp&quot;}],&quot;background_slideshow_slide_duration&quot;:5000,&quot;background_slideshow_slide_transition&quot;:&quot;fade&quot;,&quot;background_slideshow_transition_duration&quot;:500}\">\n\t\t\t\t\t\t<div class=\"elementor-container elementor-column-gap-no\">\n\t\t\t\t\t<div class=\"elementor-column elementor-col-100 elementor-top-column elementor-element elementor-element-124c473f\" data-id=\"124c473f\" data-element_type=\"column\">\n\t\t\t<div class=\"elementor-widget-wrap\">\n\t\t\t\t\t\t\t<\/div>\n\t\t<\/div>\n\t\t\t\t\t<\/div>\n\t\t<\/section>\n\t\t\t\t<section class=\"elementor-section elementor-top-section elementor-element elementor-element-296baf5 elementor-section-boxed elementor-section-height-default elementor-section-height-default\" data-id=\"296baf5\" data-element_type=\"section\">\n\t\t\t\t\t\t<div class=\"elementor-container elementor-column-gap-extended\">\n\t\t\t\t\t<div class=\"elementor-column elementor-col-100 elementor-top-column elementor-element elementor-element-aada041\" data-id=\"aada041\" data-element_type=\"column\">\n\t\t\t<div class=\"elementor-widget-wrap elementor-element-populated\">\n\t\t\t\t\t\t<div class=\"elementor-element elementor-element-115d272 elementor-widget__width-initial elementor-widget elementor-widget-heading\" data-id=\"115d272\" data-element_type=\"widget\" data-widget_type=\"heading.default\">\n\t\t\t\t<div class=\"elementor-widget-container\">\n\t\t\t\t\t<h2 class=\"elementor-heading-title elementor-size-default\">Slat conveyor\n\n\n\n<\/h2>\t\t\t\t<\/div>\n\t\t\t\t<\/div>\n\t\t\t\t\t<\/div>\n\t\t<\/div>\n\t\t\t\t\t<\/div>\n\t\t<\/section>\n\t\t\t\t<section class=\"elementor-section elementor-top-section elementor-element elementor-element-2426f9b elementor-section-boxed elementor-section-height-default elementor-section-height-default\" data-id=\"2426f9b\" data-element_type=\"section\">\n\t\t\t\t\t\t<div class=\"elementor-container elementor-column-gap-extended\">\n\t\t\t\t\t<div class=\"elementor-column elementor-col-100 elementor-top-column elementor-element elementor-element-c849a5b\" data-id=\"c849a5b\" data-element_type=\"column\">\n\t\t\t<div class=\"elementor-widget-wrap elementor-element-populated\">\n\t\t\t\t\t\t<div class=\"elementor-element elementor-element-0cfcf1b elementor-widget elementor-widget-text-editor\" data-id=\"0cfcf1b\" data-element_type=\"widget\" data-widget_type=\"text-editor.default\">\n\t\t\t\t<div class=\"elementor-widget-container\">\n\t\t\t\t\t\t\t\t\t<p>Slat conveyors have the task of efficiently transporting heavy loads and are particularly suitable for use in logistics, mining and material processing. They ensure reliable and safe transport of large quantities of material.<\/p>\t\t\t\t\t\t\t\t<\/div>\n\t\t\t\t<\/div>\n\t\t\t\t\t<\/div>\n\t\t<\/div>\n\t\t\t\t\t<\/div>\n\t\t<\/section>\n\t\t\t\t<section class=\"elementor-section elementor-top-section elementor-element elementor-element-39931d2 elementor-section-boxed elementor-section-height-default elementor-section-height-default\" data-id=\"39931d2\" data-element_type=\"section\">\n\t\t\t\t\t\t<div class=\"elementor-container elementor-column-gap-extended\">\n\t\t\t\t\t<div class=\"elementor-column elementor-col-100 elementor-top-column elementor-element elementor-element-8a3d270\" data-id=\"8a3d270\" data-element_type=\"column\">\n\t\t\t<div class=\"elementor-widget-wrap elementor-element-populated\">\n\t\t\t\t\t\t<div class=\"elementor-element elementor-element-413df1e elementor-widget__width-initial elementor-widget elementor-widget-heading\" data-id=\"413df1e\" data-element_type=\"widget\" data-widget_type=\"heading.default\">\n\t\t\t\t<div class=\"elementor-widget-container\">\n\t\t\t\t\t<h2 class=\"elementor-heading-title elementor-size-default\">Suitable for steep conveying lines and high loads<\/h2>\t\t\t\t<\/div>\n\t\t\t\t<\/div>\n\t\t\t\t\t<\/div>\n\t\t<\/div>\n\t\t\t\t\t<\/div>\n\t\t<\/section>\n\t\t\t\t<section class=\"elementor-section elementor-top-section elementor-element elementor-element-b3d739a elementor-section-boxed elementor-section-height-default elementor-section-height-default\" data-id=\"b3d739a\" data-element_type=\"section\">\n\t\t\t\t\t\t<div class=\"elementor-container elementor-column-gap-extended\">\n\t\t\t\t\t<div class=\"elementor-column elementor-col-100 elementor-top-column elementor-element elementor-element-cd0c4f6\" data-id=\"cd0c4f6\" data-element_type=\"column\">\n\t\t\t<div class=\"elementor-widget-wrap elementor-element-populated\">\n\t\t\t\t\t\t<div class=\"elementor-element elementor-element-213711b elementor-widget elementor-widget-text-editor\" data-id=\"213711b\" data-element_type=\"widget\" data-widget_type=\"text-editor.default\">\n\t\t\t\t<div class=\"elementor-widget-container\">\n\t\t\t\t\t\t\t\t\t<p>Slat conveyors are a proven method in conveyor technology to transport goods from A to B quickly and efficiently. Our company, the Hetra-GSS GmbH, has years of experience in the development and manufacture of slat conveyor systems. Our customized solutions are tailored to the specific requirements of our customers and offer the highest reliability and ease of maintenance. Whether in bulk or unit load conveying, our slat conveyors ensure gentle and safe handling of goods. Rely on HETRA-GSS as your competent partner when it comes to conveyor technology and slat conveyors.<\/p>\t\t\t\t\t\t\t\t<\/div>\n\t\t\t\t<\/div>\n\t\t\t\t\t<\/div>\n\t\t<\/div>\n\t\t\t\t\t<\/div>\n\t\t<\/section>\n\t\t\t\t<section class=\"elementor-section elementor-top-section elementor-element elementor-element-a716638 elementor-section-boxed elementor-section-height-default elementor-section-height-default\" data-id=\"a716638\" data-element_type=\"section\">\n\t\t\t\t\t\t<div class=\"elementor-container elementor-column-gap-extended\">\n\t\t\t\t\t<div class=\"elementor-column elementor-col-50 elementor-top-column elementor-element elementor-element-a0ce868 b\" data-id=\"a0ce868\" data-element_type=\"column\">\n\t\t\t<div class=\"elementor-widget-wrap elementor-element-populated\">\n\t\t\t\t\t\t<div class=\"elementor-element elementor-element-39d3ded a elementor-widget elementor-widget-image\" data-id=\"39d3ded\" data-element_type=\"widget\" data-widget_type=\"image.default\">\n\t\t\t\t<div class=\"elementor-widget-container\">\n\t\t\t\t\t\t\t\t\t\t\t\t\t\t\t\t<a href=\"https:\/\/hetra-gss.de\/wp-content\/uploads\/2024\/02\/Plattenband3.webp\" data-elementor-open-lightbox=\"yes\" data-e-action-hash=\"#elementor-action%3Aaction%3Dlightbox%26settings%3DeyJpZCI6OTczMiwidXJsIjoiaHR0cHM6XC9cL2hldHJhLWdzcy5kZVwvd3AtY29udGVudFwvdXBsb2Fkc1wvMjAyNFwvMDJcL1BsYXR0ZW5iYW5kMy53ZWJwIn0%3D\">\n\t\t\t\t\t\t\t<img fetchpriority=\"high\" decoding=\"async\" width=\"600\" height=\"600\" src=\"https:\/\/hetra-gss.de\/wp-content\/uploads\/2024\/02\/Plattenband3-600x600.webp\" class=\"attachment-ocean-thumb-m size-ocean-thumb-m wp-image-9732\" alt=\"\" srcset=\"https:\/\/hetra-gss.de\/wp-content\/uploads\/2024\/02\/Plattenband3-600x600.webp 600w, https:\/\/hetra-gss.de\/wp-content\/uploads\/2024\/02\/Plattenband3-150x150.webp 150w\" sizes=\"(max-width: 600px) 100vw, 600px\" \/>\t\t\t\t\t\t\t\t<\/a>\n\t\t\t\t\t\t\t\t\t\t\t\t\t\t\t<\/div>\n\t\t\t\t<\/div>\n\t\t\t\t\t<\/div>\n\t\t<\/div>\n\t\t\t\t<div class=\"elementor-column elementor-col-50 elementor-top-column elementor-element elementor-element-30a41ac b\" data-id=\"30a41ac\" data-element_type=\"column\">\n\t\t\t<div class=\"elementor-widget-wrap elementor-element-populated\">\n\t\t\t\t\t\t<div class=\"elementor-element elementor-element-ee71ee6 a elementor-widget elementor-widget-image\" data-id=\"ee71ee6\" data-element_type=\"widget\" data-widget_type=\"image.default\">\n\t\t\t\t<div class=\"elementor-widget-container\">\n\t\t\t\t\t\t\t\t\t\t\t\t\t\t\t\t<a href=\"https:\/\/hetra-gss.de\/wp-content\/uploads\/2024\/02\/Plattenband1.webp\" data-elementor-open-lightbox=\"yes\" data-e-action-hash=\"#elementor-action%3Aaction%3Dlightbox%26settings%3DeyJpZCI6OTczMCwidXJsIjoiaHR0cHM6XC9cL2hldHJhLWdzcy5kZVwvd3AtY29udGVudFwvdXBsb2Fkc1wvMjAyNFwvMDJcL1BsYXR0ZW5iYW5kMS53ZWJwIn0%3D\">\n\t\t\t\t\t\t\t<img decoding=\"async\" width=\"600\" height=\"600\" src=\"https:\/\/hetra-gss.de\/wp-content\/uploads\/2024\/02\/Plattenband1-600x600.webp\" class=\"attachment-ocean-thumb-m size-ocean-thumb-m wp-image-9730\" alt=\"\" srcset=\"https:\/\/hetra-gss.de\/wp-content\/uploads\/2024\/02\/Plattenband1-600x600.webp 600w, https:\/\/hetra-gss.de\/wp-content\/uploads\/2024\/02\/Plattenband1-150x150.webp 150w\" sizes=\"(max-width: 600px) 100vw, 600px\" \/>\t\t\t\t\t\t\t\t<\/a>\n\t\t\t\t\t\t\t\t\t\t\t\t\t\t\t<\/div>\n\t\t\t\t<\/div>\n\t\t\t\t\t<\/div>\n\t\t<\/div>\n\t\t\t\t\t<\/div>\n\t\t<\/section>\n\t\t\t\t<\/div>","protected":false},"excerpt":{"rendered":"<p>Plattenb\u00e4nder Plattenb\u00e4nder haben die Aufgabe, schwere Lasten effizient zu transportieren und eignen sich besonders f\u00fcr den Einsatz in der Logistik, im Bergbau und in der Materialverarbeitung. Sie gew\u00e4hrleisten einen zuverl\u00e4ssigen und sicheren Transport gro\u00dfer Mengen an Material. Geeignet f\u00fcr steile F\u00f6rderstrecken und hohe Lasten Plattenb\u00e4nder sind eine bew\u00e4hrte Methode in der F\u00f6rdertechnik, um G\u00fcter schnell [&hellip;]<\/p>","protected":false},"author":1,"featured_media":0,"parent":533,"menu_order":0,"comment_status":"closed","ping_status":"closed","template":"","meta":{"ocean_post_layout":"full-screen","ocean_both_sidebars_style":"","ocean_both_sidebars_content_width":0,"ocean_both_sidebars_sidebars_width":0,"ocean_sidebar":"0","ocean_second_sidebar":"0","ocean_disable_margins":"enable","ocean_add_body_class":"","ocean_shortcode_before_top_bar":"","ocean_shortcode_after_top_bar":"","ocean_shortcode_before_header":"","ocean_shortcode_after_header":"","ocean_has_shortcode":"","ocean_shortcode_after_title":"","ocean_shortcode_before_footer_widgets":"","ocean_shortcode_after_footer_widgets":"","ocean_shortcode_before_footer_bottom":"","ocean_shortcode_after_footer_bottom":"","ocean_display_top_bar":"off","ocean_display_header":"default","ocean_header_style":"","ocean_center_header_left_menu":"0","ocean_custom_header_template":"0","ocean_custom_logo":0,"ocean_custom_retina_logo":0,"ocean_custom_logo_max_width":0,"ocean_custom_logo_tablet_max_width":0,"ocean_custom_logo_mobile_max_width":0,"ocean_custom_logo_max_height":0,"ocean_custom_logo_tablet_max_height":0,"ocean_custom_logo_mobile_max_height":0,"ocean_header_custom_menu":"0","ocean_menu_typo_font_family":"0","ocean_menu_typo_font_subset":"","ocean_menu_typo_font_size":0,"ocean_menu_typo_font_size_tablet":0,"ocean_menu_typo_font_size_mobile":0,"ocean_menu_typo_font_size_unit":"px","ocean_menu_typo_font_weight":"","ocean_menu_typo_font_weight_tablet":"","ocean_menu_typo_font_weight_mobile":"","ocean_menu_typo_transform":"","ocean_menu_typo_transform_tablet":"","ocean_menu_typo_transform_mobile":"","ocean_menu_typo_line_height":0,"ocean_menu_typo_line_height_tablet":0,"ocean_menu_typo_line_height_mobile":0,"ocean_menu_typo_line_height_unit":"","ocean_menu_typo_spacing":0,"ocean_menu_typo_spacing_tablet":0,"ocean_menu_typo_spacing_mobile":0,"ocean_menu_typo_spacing_unit":"","ocean_menu_link_color":"","ocean_menu_link_color_hover":"","ocean_menu_link_color_active":"","ocean_menu_link_background":"","ocean_menu_link_hover_background":"","ocean_menu_link_active_background":"","ocean_menu_social_links_bg":"","ocean_menu_social_hover_links_bg":"","ocean_menu_social_links_color":"","ocean_menu_social_hover_links_color":"","ocean_disable_title":"on","ocean_disable_heading":"default","ocean_post_title":"","ocean_post_subheading":"","ocean_post_title_style":"","ocean_post_title_background_color":"","ocean_post_title_background":0,"ocean_post_title_bg_image_position":"","ocean_post_title_bg_image_attachment":"","ocean_post_title_bg_image_repeat":"","ocean_post_title_bg_image_size":"","ocean_post_title_height":0,"ocean_post_title_bg_overlay":0.5,"ocean_post_title_bg_overlay_color":"","ocean_disable_breadcrumbs":"default","ocean_breadcrumbs_color":"","ocean_breadcrumbs_separator_color":"","ocean_breadcrumbs_links_color":"","ocean_breadcrumbs_links_hover_color":"","ocean_display_footer_widgets":"default","ocean_display_footer_bottom":"off","ocean_custom_footer_template":"1343","footnotes":""},"class_list":["post-602","page","type-page","status-publish","hentry","entry"],"yoast_head":"<!-- This site is optimized with the Yoast SEO plugin v26.4 - https:\/\/yoast.com\/wordpress\/plugins\/seo\/ -->\n<title>Plattenb\u00e4nder - Hetra-GSS GmbH<\/title>\n<meta name=\"description\" content=\"Unsere Kompetenz in Plattenb\u00e4ndern f\u00fcr die Industrie steht Ihnen zur Verf\u00fcgung. Erfahren Sie mehr \u00fcber unser Angebot.\" \/>\n<meta name=\"robots\" content=\"index, follow, max-snippet:-1, max-image-preview:large, max-video-preview:-1\" \/>\n<link rel=\"canonical\" href=\"https:\/\/hetra-gss.de\/en\/produkte\/foerdertechnik\/plattenbaender\/\" \/>\n<meta property=\"og:locale\" content=\"en_US\" \/>\n<meta property=\"og:type\" content=\"article\" \/>\n<meta property=\"og:title\" content=\"Plattenb\u00e4nder - Hetra-GSS GmbH\" \/>\n<meta property=\"og:description\" content=\"Unsere Kompetenz in Plattenb\u00e4ndern f\u00fcr die Industrie steht Ihnen zur Verf\u00fcgung. Erfahren Sie mehr \u00fcber unser Angebot.\" \/>\n<meta property=\"og:url\" content=\"https:\/\/hetra-gss.de\/en\/produkte\/foerdertechnik\/plattenbaender\/\" \/>\n<meta property=\"og:site_name\" content=\"Hetra-GSS GmbH\" \/>\n<meta property=\"article:modified_time\" content=\"2024-02-05T10:32:44+00:00\" \/>\n<meta property=\"og:image\" content=\"https:\/\/hetra-gss.de\/wp-content\/uploads\/2024\/02\/Plattenband3-600x600.webp\" \/>\n<meta name=\"twitter:card\" content=\"summary_large_image\" \/>\n<meta name=\"twitter:label1\" content=\"Est. reading time\" \/>\n\t<meta name=\"twitter:data1\" content=\"2 minutes\" \/>\n<script type=\"application\/ld+json\" class=\"yoast-schema-graph\">{\"@context\":\"https:\/\/schema.org\",\"@graph\":[{\"@type\":[\"WebPage\",\"ItemPage\"],\"@id\":\"https:\/\/hetra-gss.de\/produkte\/foerdertechnik\/plattenbaender\/\",\"url\":\"https:\/\/hetra-gss.de\/produkte\/foerdertechnik\/plattenbaender\/\",\"name\":\"Plattenb\u00e4nder - Hetra-GSS GmbH\",\"isPartOf\":{\"@id\":\"https:\/\/hetra-gss.de\/#website\"},\"primaryImageOfPage\":{\"@id\":\"https:\/\/hetra-gss.de\/produkte\/foerdertechnik\/plattenbaender\/#primaryimage\"},\"image\":{\"@id\":\"https:\/\/hetra-gss.de\/produkte\/foerdertechnik\/plattenbaender\/#primaryimage\"},\"thumbnailUrl\":\"https:\/\/hetra-gss.de\/wp-content\/uploads\/2024\/02\/Plattenband3-600x600.webp\",\"datePublished\":\"2023-03-07T08:52:08+00:00\",\"dateModified\":\"2024-02-05T10:32:44+00:00\",\"description\":\"Unsere Kompetenz in Plattenb\u00e4ndern f\u00fcr die Industrie steht Ihnen zur Verf\u00fcgung. Erfahren Sie mehr \u00fcber unser Angebot.\",\"breadcrumb\":{\"@id\":\"https:\/\/hetra-gss.de\/produkte\/foerdertechnik\/plattenbaender\/#breadcrumb\"},\"inLanguage\":\"en-US\",\"potentialAction\":[{\"@type\":\"ReadAction\",\"target\":[\"https:\/\/hetra-gss.de\/produkte\/foerdertechnik\/plattenbaender\/\"]}]},{\"@type\":\"ImageObject\",\"inLanguage\":\"en-US\",\"@id\":\"https:\/\/hetra-gss.de\/produkte\/foerdertechnik\/plattenbaender\/#primaryimage\",\"url\":\"https:\/\/hetra-gss.de\/wp-content\/uploads\/2024\/02\/Plattenband3-600x600.webp\",\"contentUrl\":\"https:\/\/hetra-gss.de\/wp-content\/uploads\/2024\/02\/Plattenband3-600x600.webp\"},{\"@type\":\"BreadcrumbList\",\"@id\":\"https:\/\/hetra-gss.de\/produkte\/foerdertechnik\/plattenbaender\/#breadcrumb\",\"itemListElement\":[{\"@type\":\"ListItem\",\"position\":1,\"name\":\"Startseite\",\"item\":\"https:\/\/hetra-gss.de\/\"},{\"@type\":\"ListItem\",\"position\":2,\"name\":\"Produkte\",\"item\":\"https:\/\/hetra-gss.de\/produkte\/\"},{\"@type\":\"ListItem\",\"position\":3,\"name\":\"F\u00f6rdertechnik\",\"item\":\"https:\/\/hetra-gss.de\/produkte\/foerdertechnik\/\"},{\"@type\":\"ListItem\",\"position\":4,\"name\":\"Plattenb\u00e4nder\"}]},{\"@type\":\"WebSite\",\"@id\":\"https:\/\/hetra-gss.de\/#website\",\"url\":\"https:\/\/hetra-gss.de\/\",\"name\":\"Hetra-GSS GmbH\",\"description\":\"Nachhaltigkeit in Bewegung: Ma\u00dfgeschneiderte F\u00f6rdertechnik!\",\"publisher\":{\"@id\":\"https:\/\/hetra-gss.de\/#organization\"},\"potentialAction\":[{\"@type\":\"SearchAction\",\"target\":{\"@type\":\"EntryPoint\",\"urlTemplate\":\"https:\/\/hetra-gss.de\/?s={search_term_string}\"},\"query-input\":{\"@type\":\"PropertyValueSpecification\",\"valueRequired\":true,\"valueName\":\"search_term_string\"}}],\"inLanguage\":\"en-US\"},{\"@type\":\"Organization\",\"@id\":\"https:\/\/hetra-gss.de\/#organization\",\"name\":\"Hetra-GSS GmbH\",\"url\":\"https:\/\/hetra-gss.de\/\",\"logo\":{\"@type\":\"ImageObject\",\"inLanguage\":\"en-US\",\"@id\":\"https:\/\/hetra-gss.de\/#\/schema\/logo\/image\/\",\"url\":\"https:\/\/hetra-gss.de\/wp-content\/uploads\/2024\/01\/cropped-Fimenlogo-1.webp\",\"contentUrl\":\"https:\/\/hetra-gss.de\/wp-content\/uploads\/2024\/01\/cropped-Fimenlogo-1.webp\",\"width\":799,\"height\":343,\"caption\":\"Hetra-GSS GmbH\"},\"image\":{\"@id\":\"https:\/\/hetra-gss.de\/#\/schema\/logo\/image\/\"}}]}<\/script>\n<!-- \/ Yoast SEO plugin. -->","yoast_head_json":{"title":"Plattenb\u00e4nder - Hetra-GSS GmbH","description":"Unsere Kompetenz in Plattenb\u00e4ndern f\u00fcr die Industrie steht Ihnen zur Verf\u00fcgung. Erfahren Sie mehr \u00fcber unser Angebot.","robots":{"index":"index","follow":"follow","max-snippet":"max-snippet:-1","max-image-preview":"max-image-preview:large","max-video-preview":"max-video-preview:-1"},"canonical":"https:\/\/hetra-gss.de\/en\/produkte\/foerdertechnik\/plattenbaender\/","og_locale":"en_US","og_type":"article","og_title":"Plattenb\u00e4nder - Hetra-GSS GmbH","og_description":"Unsere Kompetenz in Plattenb\u00e4ndern f\u00fcr die Industrie steht Ihnen zur Verf\u00fcgung. Erfahren Sie mehr \u00fcber unser Angebot.","og_url":"https:\/\/hetra-gss.de\/en\/produkte\/foerdertechnik\/plattenbaender\/","og_site_name":"Hetra-GSS GmbH","article_modified_time":"2024-02-05T10:32:44+00:00","og_image":[{"url":"https:\/\/hetra-gss.de\/wp-content\/uploads\/2024\/02\/Plattenband3-600x600.webp","type":"","width":"","height":""}],"twitter_card":"summary_large_image","twitter_misc":{"Est. reading time":"2 minutes"},"schema":{"@context":"https:\/\/schema.org","@graph":[{"@type":["WebPage","ItemPage"],"@id":"https:\/\/hetra-gss.de\/produkte\/foerdertechnik\/plattenbaender\/","url":"https:\/\/hetra-gss.de\/produkte\/foerdertechnik\/plattenbaender\/","name":"Plattenb\u00e4nder - Hetra-GSS GmbH","isPartOf":{"@id":"https:\/\/hetra-gss.de\/#website"},"primaryImageOfPage":{"@id":"https:\/\/hetra-gss.de\/produkte\/foerdertechnik\/plattenbaender\/#primaryimage"},"image":{"@id":"https:\/\/hetra-gss.de\/produkte\/foerdertechnik\/plattenbaender\/#primaryimage"},"thumbnailUrl":"https:\/\/hetra-gss.de\/wp-content\/uploads\/2024\/02\/Plattenband3-600x600.webp","datePublished":"2023-03-07T08:52:08+00:00","dateModified":"2024-02-05T10:32:44+00:00","description":"Unsere Kompetenz in Plattenb\u00e4ndern f\u00fcr die Industrie steht Ihnen zur Verf\u00fcgung. Erfahren Sie mehr \u00fcber unser Angebot.","breadcrumb":{"@id":"https:\/\/hetra-gss.de\/produkte\/foerdertechnik\/plattenbaender\/#breadcrumb"},"inLanguage":"en-US","potentialAction":[{"@type":"ReadAction","target":["https:\/\/hetra-gss.de\/produkte\/foerdertechnik\/plattenbaender\/"]}]},{"@type":"ImageObject","inLanguage":"en-US","@id":"https:\/\/hetra-gss.de\/produkte\/foerdertechnik\/plattenbaender\/#primaryimage","url":"https:\/\/hetra-gss.de\/wp-content\/uploads\/2024\/02\/Plattenband3-600x600.webp","contentUrl":"https:\/\/hetra-gss.de\/wp-content\/uploads\/2024\/02\/Plattenband3-600x600.webp"},{"@type":"BreadcrumbList","@id":"https:\/\/hetra-gss.de\/produkte\/foerdertechnik\/plattenbaender\/#breadcrumb","itemListElement":[{"@type":"ListItem","position":1,"name":"Startseite","item":"https:\/\/hetra-gss.de\/"},{"@type":"ListItem","position":2,"name":"Produkte","item":"https:\/\/hetra-gss.de\/produkte\/"},{"@type":"ListItem","position":3,"name":"F\u00f6rdertechnik","item":"https:\/\/hetra-gss.de\/produkte\/foerdertechnik\/"},{"@type":"ListItem","position":4,"name":"Plattenb\u00e4nder"}]},{"@type":"WebSite","@id":"https:\/\/hetra-gss.de\/#website","url":"https:\/\/hetra-gss.de\/","name":"Hetra-GSS GmbH","description":"Nachhaltigkeit in Bewegung: Ma\u00dfgeschneiderte F\u00f6rdertechnik!","publisher":{"@id":"https:\/\/hetra-gss.de\/#organization"},"potentialAction":[{"@type":"SearchAction","target":{"@type":"EntryPoint","urlTemplate":"https:\/\/hetra-gss.de\/?s={search_term_string}"},"query-input":{"@type":"PropertyValueSpecification","valueRequired":true,"valueName":"search_term_string"}}],"inLanguage":"en-US"},{"@type":"Organization","@id":"https:\/\/hetra-gss.de\/#organization","name":"Hetra-GSS GmbH","url":"https:\/\/hetra-gss.de\/","logo":{"@type":"ImageObject","inLanguage":"en-US","@id":"https:\/\/hetra-gss.de\/#\/schema\/logo\/image\/","url":"https:\/\/hetra-gss.de\/wp-content\/uploads\/2024\/01\/cropped-Fimenlogo-1.webp","contentUrl":"https:\/\/hetra-gss.de\/wp-content\/uploads\/2024\/01\/cropped-Fimenlogo-1.webp","width":799,"height":343,"caption":"Hetra-GSS GmbH"},"image":{"@id":"https:\/\/hetra-gss.de\/#\/schema\/logo\/image\/"}}]}},"_links":{"self":[{"href":"https:\/\/hetra-gss.de\/en\/wp-json\/wp\/v2\/pages\/602","targetHints":{"allow":["GET"]}}],"collection":[{"href":"https:\/\/hetra-gss.de\/en\/wp-json\/wp\/v2\/pages"}],"about":[{"href":"https:\/\/hetra-gss.de\/en\/wp-json\/wp\/v2\/types\/page"}],"author":[{"embeddable":true,"href":"https:\/\/hetra-gss.de\/en\/wp-json\/wp\/v2\/users\/1"}],"replies":[{"embeddable":true,"href":"https:\/\/hetra-gss.de\/en\/wp-json\/wp\/v2\/comments?post=602"}],"version-history":[{"count":166,"href":"https:\/\/hetra-gss.de\/en\/wp-json\/wp\/v2\/pages\/602\/revisions"}],"predecessor-version":[{"id":9903,"href":"https:\/\/hetra-gss.de\/en\/wp-json\/wp\/v2\/pages\/602\/revisions\/9903"}],"up":[{"embeddable":true,"href":"https:\/\/hetra-gss.de\/en\/wp-json\/wp\/v2\/pages\/533"}],"wp:attachment":[{"href":"https:\/\/hetra-gss.de\/en\/wp-json\/wp\/v2\/media?parent=602"}],"curies":[{"name":"wp","href":"https:\/\/api.w.org\/{rel}","templated":true}]}}