{"id":640,"date":"2023-03-07T09:27:32","date_gmt":"2023-03-07T09:27:32","guid":{"rendered":"https:\/\/hetra-gss.de\/?page_id=640"},"modified":"2024-02-05T12:12:07","modified_gmt":"2024-02-05T12:12:07","slug":"linearschwingsiebmaschinen","status":"publish","type":"page","link":"https:\/\/hetra-gss.de\/en\/produkte\/siebtechnik\/siebmaschinen\/linearschwingsiebmaschinen\/","title":{"rendered":"Linear vibratory sieving machines"},"content":{"rendered":"<div data-elementor-type=\"wp-page\" data-elementor-id=\"640\" class=\"elementor elementor-640\">\n\t\t\t\t\t\t<section class=\"elementor-section elementor-top-section elementor-element elementor-element-14d94408 elementor-section-height-min-height elementor-section-items-top elementor-section-boxed elementor-section-height-default\" data-id=\"14d94408\" data-element_type=\"section\" data-settings=\"{&quot;background_background&quot;:&quot;slideshow&quot;,&quot;background_slideshow_gallery&quot;:[{&quot;id&quot;:9725,&quot;url&quot;:&quot;https:\\\/\\\/hetra-gss.de\\\/wp-content\\\/uploads\\\/2024\\\/02\\\/Linearsieb.webp&quot;}],&quot;background_slideshow_slide_duration&quot;:5000,&quot;background_slideshow_slide_transition&quot;:&quot;fade&quot;,&quot;background_slideshow_transition_duration&quot;:500}\">\n\t\t\t\t\t\t<div class=\"elementor-container elementor-column-gap-no\">\n\t\t\t\t\t<div class=\"elementor-column elementor-col-100 elementor-top-column elementor-element elementor-element-1dd3c8d9\" data-id=\"1dd3c8d9\" data-element_type=\"column\">\n\t\t\t<div class=\"elementor-widget-wrap\">\n\t\t\t\t\t\t\t<\/div>\n\t\t<\/div>\n\t\t\t\t\t<\/div>\n\t\t<\/section>\n\t\t\t\t<section class=\"elementor-section elementor-top-section elementor-element elementor-element-3e59622 elementor-section-boxed elementor-section-height-default elementor-section-height-default\" data-id=\"3e59622\" data-element_type=\"section\">\n\t\t\t\t\t\t<div class=\"elementor-container elementor-column-gap-extended\">\n\t\t\t\t\t<div class=\"elementor-column elementor-col-100 elementor-top-column elementor-element elementor-element-4c3d762\" data-id=\"4c3d762\" data-element_type=\"column\">\n\t\t\t<div class=\"elementor-widget-wrap elementor-element-populated\">\n\t\t\t\t\t\t<div class=\"elementor-element elementor-element-5b60005 elementor-widget__width-initial elementor-widget elementor-widget-heading\" data-id=\"5b60005\" data-element_type=\"widget\" data-widget_type=\"heading.default\">\n\t\t\t\t<div class=\"elementor-widget-container\">\n\t\t\t\t\t<h2 class=\"elementor-heading-title elementor-size-default\">Linear vibratory sieving machines\n\n\n<\/h2>\t\t\t\t<\/div>\n\t\t\t\t<\/div>\n\t\t\t\t\t<\/div>\n\t\t<\/div>\n\t\t\t\t\t<\/div>\n\t\t<\/section>\n\t\t\t\t<section class=\"elementor-section elementor-top-section elementor-element elementor-element-ccf4095 elementor-section-boxed elementor-section-height-default elementor-section-height-default\" data-id=\"ccf4095\" data-element_type=\"section\">\n\t\t\t\t\t\t<div class=\"elementor-container elementor-column-gap-extended\">\n\t\t\t\t\t<div class=\"elementor-column elementor-col-100 elementor-top-column elementor-element elementor-element-da0342d\" data-id=\"da0342d\" data-element_type=\"column\">\n\t\t\t<div class=\"elementor-widget-wrap elementor-element-populated\">\n\t\t\t\t\t\t<div class=\"elementor-element elementor-element-6d579af elementor-widget elementor-widget-text-editor\" data-id=\"6d579af\" data-element_type=\"widget\" data-widget_type=\"text-editor.default\">\n\t\t\t\t<div class=\"elementor-widget-container\">\n\t\t\t\t\t\t\t\t\t<p>Linear vibratory sieving machines are used in material processing for precise sieving and classification of particles. They provide efficient separation, optimize product quality and improve material flow in various industrial applications.<\/p>\t\t\t\t\t\t\t\t<\/div>\n\t\t\t\t<\/div>\n\t\t\t\t\t<\/div>\n\t\t<\/div>\n\t\t\t\t\t<\/div>\n\t\t<\/section>\n\t\t\t\t<section class=\"elementor-section elementor-top-section elementor-element elementor-element-e157384 elementor-section-boxed elementor-section-height-default elementor-section-height-default\" data-id=\"e157384\" data-element_type=\"section\">\n\t\t\t\t\t\t<div class=\"elementor-container elementor-column-gap-extended\">\n\t\t\t\t\t<div class=\"elementor-column elementor-col-100 elementor-top-column elementor-element elementor-element-312b45c\" data-id=\"312b45c\" data-element_type=\"column\">\n\t\t\t<div class=\"elementor-widget-wrap elementor-element-populated\">\n\t\t\t\t\t\t<div class=\"elementor-element elementor-element-7648634 elementor-widget__width-initial elementor-widget elementor-widget-heading\" data-id=\"7648634\" data-element_type=\"widget\" data-widget_type=\"heading.default\">\n\t\t\t\t<div class=\"elementor-widget-container\">\n\t\t\t\t\t<h2 class=\"elementor-heading-title elementor-size-default\">Effective separation of materials in different sizes\n<\/h2>\t\t\t\t<\/div>\n\t\t\t\t<\/div>\n\t\t\t\t\t<\/div>\n\t\t<\/div>\n\t\t\t\t\t<\/div>\n\t\t<\/section>\n\t\t\t\t<section class=\"elementor-section elementor-top-section elementor-element elementor-element-8c9a86c elementor-section-boxed elementor-section-height-default elementor-section-height-default\" data-id=\"8c9a86c\" data-element_type=\"section\">\n\t\t\t\t\t\t<div class=\"elementor-container elementor-column-gap-extended\">\n\t\t\t\t\t<div class=\"elementor-column elementor-col-100 elementor-top-column elementor-element elementor-element-f27e085\" data-id=\"f27e085\" data-element_type=\"column\">\n\t\t\t<div class=\"elementor-widget-wrap elementor-element-populated\">\n\t\t\t\t\t\t<div class=\"elementor-element elementor-element-43b47e2 elementor-widget elementor-widget-text-editor\" data-id=\"43b47e2\" data-element_type=\"widget\" data-widget_type=\"text-editor.default\">\n\t\t\t\t<div class=\"elementor-widget-container\">\n\t\t\t\t\t\t\t\t\t<p>Linear vibratory sieving machines are used in sieving technology to separate mixtures of solids according to particle size. At Hetra-GSS GmbH, we offer customized linear vibrating sieving solutions tailored to the specific requirements of our customers. Our linear vibrating sieving machines are robust, durable and easy to maintain to ensure maximum uptime. By using high quality materials and tailoring them to the specific application, our linear vibratory sieving machines are able to achieve high sieving performance and precise separation of solid mixtures. We also provide our customers with comprehensive advice and support throughout the project, from design to installation and maintenance.<\/p>\t\t\t\t\t\t\t\t<\/div>\n\t\t\t\t<\/div>\n\t\t\t\t\t<\/div>\n\t\t<\/div>\n\t\t\t\t\t<\/div>\n\t\t<\/section>\n\t\t\t\t<section class=\"elementor-section elementor-top-section elementor-element elementor-element-e13745a elementor-section-boxed elementor-section-height-default elementor-section-height-default\" data-id=\"e13745a\" data-element_type=\"section\">\n\t\t\t\t\t\t<div class=\"elementor-container elementor-column-gap-extended\">\n\t\t\t\t\t<div class=\"elementor-column elementor-col-50 elementor-top-column elementor-element elementor-element-897a1e5 b\" data-id=\"897a1e5\" data-element_type=\"column\">\n\t\t\t<div class=\"elementor-widget-wrap elementor-element-populated\">\n\t\t\t\t\t\t<div class=\"elementor-element elementor-element-c21abb2 a elementor-widget elementor-widget-image\" data-id=\"c21abb2\" data-element_type=\"widget\" data-widget_type=\"image.default\">\n\t\t\t\t<div class=\"elementor-widget-container\">\n\t\t\t\t\t\t\t\t\t\t\t\t\t\t\t\t<a href=\"https:\/\/hetra-gss.de\/wp-content\/uploads\/2024\/02\/Linearschwingsiebmaschinen2.webp\" data-elementor-open-lightbox=\"yes\" data-e-action-hash=\"#elementor-action%3Aaction%3Dlightbox%26settings%3DeyJpZCI6OTcyNCwidXJsIjoiaHR0cHM6XC9cL2hldHJhLWdzcy5kZVwvd3AtY29udGVudFwvdXBsb2Fkc1wvMjAyNFwvMDJcL0xpbmVhcnNjaHdpbmdzaWVibWFzY2hpbmVuMi53ZWJwIn0%3D\">\n\t\t\t\t\t\t\t<img fetchpriority=\"high\" decoding=\"async\" width=\"600\" height=\"600\" src=\"https:\/\/hetra-gss.de\/wp-content\/uploads\/2024\/02\/Linearschwingsiebmaschinen2-600x600.webp\" class=\"attachment-ocean-thumb-m size-ocean-thumb-m wp-image-9724\" alt=\"\" srcset=\"https:\/\/hetra-gss.de\/wp-content\/uploads\/2024\/02\/Linearschwingsiebmaschinen2-600x600.webp 600w, https:\/\/hetra-gss.de\/wp-content\/uploads\/2024\/02\/Linearschwingsiebmaschinen2-150x150.webp 150w\" sizes=\"(max-width: 600px) 100vw, 600px\" \/>\t\t\t\t\t\t\t\t<\/a>\n\t\t\t\t\t\t\t\t\t\t\t\t\t\t\t<\/div>\n\t\t\t\t<\/div>\n\t\t\t\t\t<\/div>\n\t\t<\/div>\n\t\t\t\t<div class=\"elementor-column elementor-col-50 elementor-top-column elementor-element elementor-element-67a8c3d b\" data-id=\"67a8c3d\" data-element_type=\"column\">\n\t\t\t<div class=\"elementor-widget-wrap elementor-element-populated\">\n\t\t\t\t\t\t<div class=\"elementor-element elementor-element-1218929 a elementor-widget elementor-widget-image\" data-id=\"1218929\" data-element_type=\"widget\" data-widget_type=\"image.default\">\n\t\t\t\t<div class=\"elementor-widget-container\">\n\t\t\t\t\t\t\t\t\t\t\t\t\t\t\t\t<a href=\"https:\/\/hetra-gss.de\/wp-content\/uploads\/2024\/02\/Sieb2.webp\" data-elementor-open-lightbox=\"yes\" data-e-action-hash=\"#elementor-action%3Aaction%3Dlightbox%26settings%3DeyJpZCI6OTc1NiwidXJsIjoiaHR0cHM6XC9cL2hldHJhLWdzcy5kZVwvd3AtY29udGVudFwvdXBsb2Fkc1wvMjAyNFwvMDJcL1NpZWIyLndlYnAifQ%3D%3D\">\n\t\t\t\t\t\t\t<img decoding=\"async\" width=\"600\" height=\"600\" src=\"https:\/\/hetra-gss.de\/wp-content\/uploads\/2024\/02\/Sieb2-600x600.webp\" class=\"attachment-ocean-thumb-m size-ocean-thumb-m wp-image-9756\" alt=\"\" srcset=\"https:\/\/hetra-gss.de\/wp-content\/uploads\/2024\/02\/Sieb2-600x600.webp 600w, https:\/\/hetra-gss.de\/wp-content\/uploads\/2024\/02\/Sieb2-150x150.webp 150w\" sizes=\"(max-width: 600px) 100vw, 600px\" \/>\t\t\t\t\t\t\t\t<\/a>\n\t\t\t\t\t\t\t\t\t\t\t\t\t\t\t<\/div>\n\t\t\t\t<\/div>\n\t\t\t\t\t<\/div>\n\t\t<\/div>\n\t\t\t\t\t<\/div>\n\t\t<\/section>\n\t\t\t\t<\/div>","protected":false},"excerpt":{"rendered":"<p>Linearschwingsiebmaschinen Linearschwingsiebmaschinen kommen in der Materialverarbeitung zum Einsatz und dienen der pr\u00e4zisen Siebung und Klassifizierung von Partikeln. Sie sorgen f\u00fcr effiziente Trennung, optimieren die Produktqualit\u00e4t und verbessern den Materialfluss in verschiedenen industriellen Anwendungen. Effektive Trennung von Materialien in verschiedenen Gr\u00f6\u00dfen Linearschwingsiebmaschinen werden in der Siebtechnik eingesetzt, um Feststoffgemische nach Korngr\u00f6\u00dfen zu trennen. Bei der Hetra-GSS [&hellip;]<\/p>","protected":false},"author":1,"featured_media":0,"parent":1064,"menu_order":0,"comment_status":"closed","ping_status":"closed","template":"","meta":{"ocean_post_layout":"full-screen","ocean_both_sidebars_style":"","ocean_both_sidebars_content_width":0,"ocean_both_sidebars_sidebars_width":0,"ocean_sidebar":"0","ocean_second_sidebar":"0","ocean_disable_margins":"enable","ocean_add_body_class":"","ocean_shortcode_before_top_bar":"","ocean_shortcode_after_top_bar":"","ocean_shortcode_before_header":"","ocean_shortcode_after_header":"","ocean_has_shortcode":"","ocean_shortcode_after_title":"","ocean_shortcode_before_footer_widgets":"","ocean_shortcode_after_footer_widgets":"","ocean_shortcode_before_footer_bottom":"","ocean_shortcode_after_footer_bottom":"","ocean_display_top_bar":"off","ocean_display_header":"default","ocean_header_style":"","ocean_center_header_left_menu":"0","ocean_custom_header_template":"0","ocean_custom_logo":0,"ocean_custom_retina_logo":0,"ocean_custom_logo_max_width":0,"ocean_custom_logo_tablet_max_width":0,"ocean_custom_logo_mobile_max_width":0,"ocean_custom_logo_max_height":0,"ocean_custom_logo_tablet_max_height":0,"ocean_custom_logo_mobile_max_height":0,"ocean_header_custom_menu":"0","ocean_menu_typo_font_family":"0","ocean_menu_typo_font_subset":"","ocean_menu_typo_font_size":0,"ocean_menu_typo_font_size_tablet":0,"ocean_menu_typo_font_size_mobile":0,"ocean_menu_typo_font_size_unit":"px","ocean_menu_typo_font_weight":"","ocean_menu_typo_font_weight_tablet":"","ocean_menu_typo_font_weight_mobile":"","ocean_menu_typo_transform":"","ocean_menu_typo_transform_tablet":"","ocean_menu_typo_transform_mobile":"","ocean_menu_typo_line_height":0,"ocean_menu_typo_line_height_tablet":0,"ocean_menu_typo_line_height_mobile":0,"ocean_menu_typo_line_height_unit":"","ocean_menu_typo_spacing":0,"ocean_menu_typo_spacing_tablet":0,"ocean_menu_typo_spacing_mobile":0,"ocean_menu_typo_spacing_unit":"","ocean_menu_link_color":"","ocean_menu_link_color_hover":"","ocean_menu_link_color_active":"","ocean_menu_link_background":"","ocean_menu_link_hover_background":"","ocean_menu_link_active_background":"","ocean_menu_social_links_bg":"","ocean_menu_social_hover_links_bg":"","ocean_menu_social_links_color":"","ocean_menu_social_hover_links_color":"","ocean_disable_title":"on","ocean_disable_heading":"default","ocean_post_title":"","ocean_post_subheading":"","ocean_post_title_style":"","ocean_post_title_background_color":"","ocean_post_title_background":0,"ocean_post_title_bg_image_position":"","ocean_post_title_bg_image_attachment":"","ocean_post_title_bg_image_repeat":"","ocean_post_title_bg_image_size":"","ocean_post_title_height":0,"ocean_post_title_bg_overlay":0.5,"ocean_post_title_bg_overlay_color":"","ocean_disable_breadcrumbs":"default","ocean_breadcrumbs_color":"","ocean_breadcrumbs_separator_color":"","ocean_breadcrumbs_links_color":"","ocean_breadcrumbs_links_hover_color":"","ocean_display_footer_widgets":"default","ocean_display_footer_bottom":"off","ocean_custom_footer_template":"1343","footnotes":""},"class_list":["post-640","page","type-page","status-publish","hentry","entry"],"yoast_head":"<!-- This site is optimized with the Yoast SEO plugin v26.4 - https:\/\/yoast.com\/wordpress\/plugins\/seo\/ -->\n<title>Linearschwingsiebmaschinen - Hetra-GSS GmbH<\/title>\n<meta name=\"description\" content=\"Ihre zuverl\u00e4ssige Wahl f\u00fcr Linearschwingsiebmaschinen. Entdecken Sie unsere L\u00f6sungen zur Steigerung der Effizienz in der Materialverarbeitung.\" \/>\n<meta name=\"robots\" content=\"index, follow, max-snippet:-1, max-image-preview:large, max-video-preview:-1\" \/>\n<link rel=\"canonical\" href=\"https:\/\/hetra-gss.de\/en\/produkte\/siebtechnik\/siebmaschinen\/linearschwingsiebmaschinen\/\" \/>\n<meta property=\"og:locale\" content=\"en_US\" \/>\n<meta property=\"og:type\" content=\"article\" \/>\n<meta property=\"og:title\" content=\"Linearschwingsiebmaschinen - Hetra-GSS GmbH\" \/>\n<meta property=\"og:description\" content=\"Ihre zuverl\u00e4ssige Wahl f\u00fcr Linearschwingsiebmaschinen. Entdecken Sie unsere L\u00f6sungen zur Steigerung der Effizienz in der Materialverarbeitung.\" \/>\n<meta property=\"og:url\" content=\"https:\/\/hetra-gss.de\/en\/produkte\/siebtechnik\/siebmaschinen\/linearschwingsiebmaschinen\/\" \/>\n<meta property=\"og:site_name\" content=\"Hetra-GSS GmbH\" \/>\n<meta property=\"article:modified_time\" content=\"2024-02-05T12:12:07+00:00\" \/>\n<meta property=\"og:image\" content=\"https:\/\/hetra-gss.de\/wp-content\/uploads\/2024\/02\/Linearschwingsiebmaschinen2-600x600.webp\" \/>\n<meta name=\"twitter:card\" content=\"summary_large_image\" \/>\n<meta name=\"twitter:label1\" content=\"Est. reading time\" \/>\n\t<meta name=\"twitter:data1\" content=\"2 minutes\" \/>\n<script type=\"application\/ld+json\" class=\"yoast-schema-graph\">{\"@context\":\"https:\/\/schema.org\",\"@graph\":[{\"@type\":[\"WebPage\",\"ItemPage\"],\"@id\":\"https:\/\/hetra-gss.de\/produkte\/siebtechnik\/siebmaschinen\/linearschwingsiebmaschinen\/\",\"url\":\"https:\/\/hetra-gss.de\/produkte\/siebtechnik\/siebmaschinen\/linearschwingsiebmaschinen\/\",\"name\":\"Linearschwingsiebmaschinen - Hetra-GSS GmbH\",\"isPartOf\":{\"@id\":\"https:\/\/hetra-gss.de\/#website\"},\"primaryImageOfPage\":{\"@id\":\"https:\/\/hetra-gss.de\/produkte\/siebtechnik\/siebmaschinen\/linearschwingsiebmaschinen\/#primaryimage\"},\"image\":{\"@id\":\"https:\/\/hetra-gss.de\/produkte\/siebtechnik\/siebmaschinen\/linearschwingsiebmaschinen\/#primaryimage\"},\"thumbnailUrl\":\"https:\/\/hetra-gss.de\/wp-content\/uploads\/2024\/02\/Linearschwingsiebmaschinen2-600x600.webp\",\"datePublished\":\"2023-03-07T09:27:32+00:00\",\"dateModified\":\"2024-02-05T12:12:07+00:00\",\"description\":\"Ihre zuverl\u00e4ssige Wahl f\u00fcr Linearschwingsiebmaschinen. Entdecken Sie unsere L\u00f6sungen zur Steigerung der Effizienz in der Materialverarbeitung.\",\"breadcrumb\":{\"@id\":\"https:\/\/hetra-gss.de\/produkte\/siebtechnik\/siebmaschinen\/linearschwingsiebmaschinen\/#breadcrumb\"},\"inLanguage\":\"en-US\",\"potentialAction\":[{\"@type\":\"ReadAction\",\"target\":[\"https:\/\/hetra-gss.de\/produkte\/siebtechnik\/siebmaschinen\/linearschwingsiebmaschinen\/\"]}]},{\"@type\":\"ImageObject\",\"inLanguage\":\"en-US\",\"@id\":\"https:\/\/hetra-gss.de\/produkte\/siebtechnik\/siebmaschinen\/linearschwingsiebmaschinen\/#primaryimage\",\"url\":\"https:\/\/hetra-gss.de\/wp-content\/uploads\/2024\/02\/Linearschwingsiebmaschinen2-600x600.webp\",\"contentUrl\":\"https:\/\/hetra-gss.de\/wp-content\/uploads\/2024\/02\/Linearschwingsiebmaschinen2-600x600.webp\"},{\"@type\":\"BreadcrumbList\",\"@id\":\"https:\/\/hetra-gss.de\/produkte\/siebtechnik\/siebmaschinen\/linearschwingsiebmaschinen\/#breadcrumb\",\"itemListElement\":[{\"@type\":\"ListItem\",\"position\":1,\"name\":\"Startseite\",\"item\":\"https:\/\/hetra-gss.de\/\"},{\"@type\":\"ListItem\",\"position\":2,\"name\":\"Produkte\",\"item\":\"https:\/\/hetra-gss.de\/produkte\/\"},{\"@type\":\"ListItem\",\"position\":3,\"name\":\"Siebtechnik\",\"item\":\"https:\/\/hetra-gss.de\/produkte\/siebtechnik\/\"},{\"@type\":\"ListItem\",\"position\":4,\"name\":\"Siebmaschinen\",\"item\":\"https:\/\/hetra-gss.de\/produkte\/siebtechnik\/siebmaschinen\/\"},{\"@type\":\"ListItem\",\"position\":5,\"name\":\"Linearschwingsiebmaschinen\"}]},{\"@type\":\"WebSite\",\"@id\":\"https:\/\/hetra-gss.de\/#website\",\"url\":\"https:\/\/hetra-gss.de\/\",\"name\":\"Hetra-GSS GmbH\",\"description\":\"Nachhaltigkeit in Bewegung: Ma\u00dfgeschneiderte F\u00f6rdertechnik!\",\"publisher\":{\"@id\":\"https:\/\/hetra-gss.de\/#organization\"},\"potentialAction\":[{\"@type\":\"SearchAction\",\"target\":{\"@type\":\"EntryPoint\",\"urlTemplate\":\"https:\/\/hetra-gss.de\/?s={search_term_string}\"},\"query-input\":{\"@type\":\"PropertyValueSpecification\",\"valueRequired\":true,\"valueName\":\"search_term_string\"}}],\"inLanguage\":\"en-US\"},{\"@type\":\"Organization\",\"@id\":\"https:\/\/hetra-gss.de\/#organization\",\"name\":\"Hetra-GSS GmbH\",\"url\":\"https:\/\/hetra-gss.de\/\",\"logo\":{\"@type\":\"ImageObject\",\"inLanguage\":\"en-US\",\"@id\":\"https:\/\/hetra-gss.de\/#\/schema\/logo\/image\/\",\"url\":\"https:\/\/hetra-gss.de\/wp-content\/uploads\/2024\/01\/cropped-Fimenlogo-1.webp\",\"contentUrl\":\"https:\/\/hetra-gss.de\/wp-content\/uploads\/2024\/01\/cropped-Fimenlogo-1.webp\",\"width\":799,\"height\":343,\"caption\":\"Hetra-GSS GmbH\"},\"image\":{\"@id\":\"https:\/\/hetra-gss.de\/#\/schema\/logo\/image\/\"}}]}<\/script>\n<!-- \/ Yoast SEO plugin. -->","yoast_head_json":{"title":"Linearschwingsiebmaschinen - Hetra-GSS GmbH","description":"Ihre zuverl\u00e4ssige Wahl f\u00fcr Linearschwingsiebmaschinen. Entdecken Sie unsere L\u00f6sungen zur Steigerung der Effizienz in der Materialverarbeitung.","robots":{"index":"index","follow":"follow","max-snippet":"max-snippet:-1","max-image-preview":"max-image-preview:large","max-video-preview":"max-video-preview:-1"},"canonical":"https:\/\/hetra-gss.de\/en\/produkte\/siebtechnik\/siebmaschinen\/linearschwingsiebmaschinen\/","og_locale":"en_US","og_type":"article","og_title":"Linearschwingsiebmaschinen - Hetra-GSS GmbH","og_description":"Ihre zuverl\u00e4ssige Wahl f\u00fcr Linearschwingsiebmaschinen. Entdecken Sie unsere L\u00f6sungen zur Steigerung der Effizienz in der Materialverarbeitung.","og_url":"https:\/\/hetra-gss.de\/en\/produkte\/siebtechnik\/siebmaschinen\/linearschwingsiebmaschinen\/","og_site_name":"Hetra-GSS GmbH","article_modified_time":"2024-02-05T12:12:07+00:00","og_image":[{"url":"https:\/\/hetra-gss.de\/wp-content\/uploads\/2024\/02\/Linearschwingsiebmaschinen2-600x600.webp","type":"","width":"","height":""}],"twitter_card":"summary_large_image","twitter_misc":{"Est. reading time":"2 minutes"},"schema":{"@context":"https:\/\/schema.org","@graph":[{"@type":["WebPage","ItemPage"],"@id":"https:\/\/hetra-gss.de\/produkte\/siebtechnik\/siebmaschinen\/linearschwingsiebmaschinen\/","url":"https:\/\/hetra-gss.de\/produkte\/siebtechnik\/siebmaschinen\/linearschwingsiebmaschinen\/","name":"Linearschwingsiebmaschinen - Hetra-GSS GmbH","isPartOf":{"@id":"https:\/\/hetra-gss.de\/#website"},"primaryImageOfPage":{"@id":"https:\/\/hetra-gss.de\/produkte\/siebtechnik\/siebmaschinen\/linearschwingsiebmaschinen\/#primaryimage"},"image":{"@id":"https:\/\/hetra-gss.de\/produkte\/siebtechnik\/siebmaschinen\/linearschwingsiebmaschinen\/#primaryimage"},"thumbnailUrl":"https:\/\/hetra-gss.de\/wp-content\/uploads\/2024\/02\/Linearschwingsiebmaschinen2-600x600.webp","datePublished":"2023-03-07T09:27:32+00:00","dateModified":"2024-02-05T12:12:07+00:00","description":"Ihre zuverl\u00e4ssige Wahl f\u00fcr Linearschwingsiebmaschinen. Entdecken Sie unsere L\u00f6sungen zur Steigerung der Effizienz in der Materialverarbeitung.","breadcrumb":{"@id":"https:\/\/hetra-gss.de\/produkte\/siebtechnik\/siebmaschinen\/linearschwingsiebmaschinen\/#breadcrumb"},"inLanguage":"en-US","potentialAction":[{"@type":"ReadAction","target":["https:\/\/hetra-gss.de\/produkte\/siebtechnik\/siebmaschinen\/linearschwingsiebmaschinen\/"]}]},{"@type":"ImageObject","inLanguage":"en-US","@id":"https:\/\/hetra-gss.de\/produkte\/siebtechnik\/siebmaschinen\/linearschwingsiebmaschinen\/#primaryimage","url":"https:\/\/hetra-gss.de\/wp-content\/uploads\/2024\/02\/Linearschwingsiebmaschinen2-600x600.webp","contentUrl":"https:\/\/hetra-gss.de\/wp-content\/uploads\/2024\/02\/Linearschwingsiebmaschinen2-600x600.webp"},{"@type":"BreadcrumbList","@id":"https:\/\/hetra-gss.de\/produkte\/siebtechnik\/siebmaschinen\/linearschwingsiebmaschinen\/#breadcrumb","itemListElement":[{"@type":"ListItem","position":1,"name":"Startseite","item":"https:\/\/hetra-gss.de\/"},{"@type":"ListItem","position":2,"name":"Produkte","item":"https:\/\/hetra-gss.de\/produkte\/"},{"@type":"ListItem","position":3,"name":"Siebtechnik","item":"https:\/\/hetra-gss.de\/produkte\/siebtechnik\/"},{"@type":"ListItem","position":4,"name":"Siebmaschinen","item":"https:\/\/hetra-gss.de\/produkte\/siebtechnik\/siebmaschinen\/"},{"@type":"ListItem","position":5,"name":"Linearschwingsiebmaschinen"}]},{"@type":"WebSite","@id":"https:\/\/hetra-gss.de\/#website","url":"https:\/\/hetra-gss.de\/","name":"Hetra-GSS GmbH","description":"Nachhaltigkeit in Bewegung: Ma\u00dfgeschneiderte F\u00f6rdertechnik!","publisher":{"@id":"https:\/\/hetra-gss.de\/#organization"},"potentialAction":[{"@type":"SearchAction","target":{"@type":"EntryPoint","urlTemplate":"https:\/\/hetra-gss.de\/?s={search_term_string}"},"query-input":{"@type":"PropertyValueSpecification","valueRequired":true,"valueName":"search_term_string"}}],"inLanguage":"en-US"},{"@type":"Organization","@id":"https:\/\/hetra-gss.de\/#organization","name":"Hetra-GSS GmbH","url":"https:\/\/hetra-gss.de\/","logo":{"@type":"ImageObject","inLanguage":"en-US","@id":"https:\/\/hetra-gss.de\/#\/schema\/logo\/image\/","url":"https:\/\/hetra-gss.de\/wp-content\/uploads\/2024\/01\/cropped-Fimenlogo-1.webp","contentUrl":"https:\/\/hetra-gss.de\/wp-content\/uploads\/2024\/01\/cropped-Fimenlogo-1.webp","width":799,"height":343,"caption":"Hetra-GSS GmbH"},"image":{"@id":"https:\/\/hetra-gss.de\/#\/schema\/logo\/image\/"}}]}},"_links":{"self":[{"href":"https:\/\/hetra-gss.de\/en\/wp-json\/wp\/v2\/pages\/640","targetHints":{"allow":["GET"]}}],"collection":[{"href":"https:\/\/hetra-gss.de\/en\/wp-json\/wp\/v2\/pages"}],"about":[{"href":"https:\/\/hetra-gss.de\/en\/wp-json\/wp\/v2\/types\/page"}],"author":[{"embeddable":true,"href":"https:\/\/hetra-gss.de\/en\/wp-json\/wp\/v2\/users\/1"}],"replies":[{"embeddable":true,"href":"https:\/\/hetra-gss.de\/en\/wp-json\/wp\/v2\/comments?post=640"}],"version-history":[{"count":130,"href":"https:\/\/hetra-gss.de\/en\/wp-json\/wp\/v2\/pages\/640\/revisions"}],"predecessor-version":[{"id":9971,"href":"https:\/\/hetra-gss.de\/en\/wp-json\/wp\/v2\/pages\/640\/revisions\/9971"}],"up":[{"embeddable":true,"href":"https:\/\/hetra-gss.de\/en\/wp-json\/wp\/v2\/pages\/1064"}],"wp:attachment":[{"href":"https:\/\/hetra-gss.de\/en\/wp-json\/wp\/v2\/media?parent=640"}],"curies":[{"name":"wp","href":"https:\/\/api.w.org\/{rel}","templated":true}]}}