{"id":693,"date":"2023-03-07T09:37:12","date_gmt":"2023-03-07T09:37:12","guid":{"rendered":"https:\/\/hetra-gss.de\/?page_id=693"},"modified":"2024-02-05T12:30:53","modified_gmt":"2024-02-05T12:30:53","slug":"schiffsverladung","status":"publish","type":"page","link":"https:\/\/hetra-gss.de\/en\/produkte\/verladesysteme\/schiffsverladung\/","title":{"rendered":"Ship loading"},"content":{"rendered":"<div data-elementor-type=\"wp-page\" data-elementor-id=\"693\" class=\"elementor elementor-693\">\n\t\t\t\t\t\t<section class=\"elementor-section elementor-top-section elementor-element elementor-element-2d149e9b elementor-section-height-min-height elementor-section-items-top elementor-section-boxed elementor-section-height-default\" data-id=\"2d149e9b\" data-element_type=\"section\" data-settings=\"{&quot;background_background&quot;:&quot;slideshow&quot;,&quot;background_slideshow_gallery&quot;:[{&quot;id&quot;:9742,&quot;url&quot;:&quot;https:\\\/\\\/hetra-gss.de\\\/wp-content\\\/uploads\\\/2024\\\/02\\\/Schiffsverladung.webp&quot;}],&quot;background_slideshow_slide_duration&quot;:5000,&quot;background_slideshow_slide_transition&quot;:&quot;fade&quot;,&quot;background_slideshow_transition_duration&quot;:500}\">\n\t\t\t\t\t\t<div class=\"elementor-container elementor-column-gap-no\">\n\t\t\t\t\t<div class=\"elementor-column elementor-col-100 elementor-top-column elementor-element elementor-element-429a7833\" data-id=\"429a7833\" data-element_type=\"column\">\n\t\t\t<div class=\"elementor-widget-wrap\">\n\t\t\t\t\t\t\t<\/div>\n\t\t<\/div>\n\t\t\t\t\t<\/div>\n\t\t<\/section>\n\t\t\t\t<section class=\"elementor-section elementor-top-section elementor-element elementor-element-11caaab elementor-section-boxed elementor-section-height-default elementor-section-height-default\" data-id=\"11caaab\" data-element_type=\"section\">\n\t\t\t\t\t\t<div class=\"elementor-container elementor-column-gap-extended\">\n\t\t\t\t\t<div class=\"elementor-column elementor-col-100 elementor-top-column elementor-element elementor-element-7a4e591\" data-id=\"7a4e591\" data-element_type=\"column\">\n\t\t\t<div class=\"elementor-widget-wrap elementor-element-populated\">\n\t\t\t\t\t\t<div class=\"elementor-element elementor-element-f082253 elementor-widget__width-initial elementor-widget elementor-widget-heading\" data-id=\"f082253\" data-element_type=\"widget\" data-widget_type=\"heading.default\">\n\t\t\t\t<div class=\"elementor-widget-container\">\n\t\t\t\t\t<h2 class=\"elementor-heading-title elementor-size-default\">Ship loading<\/h2>\t\t\t\t<\/div>\n\t\t\t\t<\/div>\n\t\t\t\t\t<\/div>\n\t\t<\/div>\n\t\t\t\t\t<\/div>\n\t\t<\/section>\n\t\t\t\t<section class=\"elementor-section elementor-top-section elementor-element elementor-element-8840e57 elementor-section-boxed elementor-section-height-default elementor-section-height-default\" data-id=\"8840e57\" data-element_type=\"section\">\n\t\t\t\t\t\t<div class=\"elementor-container elementor-column-gap-extended\">\n\t\t\t\t\t<div class=\"elementor-column elementor-col-100 elementor-top-column elementor-element elementor-element-a4ce002\" data-id=\"a4ce002\" data-element_type=\"column\">\n\t\t\t<div class=\"elementor-widget-wrap elementor-element-populated\">\n\t\t\t\t\t\t<div class=\"elementor-element elementor-element-b1cbd2c elementor-widget elementor-widget-text-editor\" data-id=\"b1cbd2c\" data-element_type=\"widget\" data-widget_type=\"text-editor.default\">\n\t\t\t\t<div class=\"elementor-widget-container\">\n\t\t\t\t\t\t\t\t\t<p>Ship loading enables the transportation of large quantities of goods over long distances by water. The main task is to ensure the efficient and safe transfer of cargo between land and ship.<\/p>\t\t\t\t\t\t\t\t<\/div>\n\t\t\t\t<\/div>\n\t\t\t\t\t<\/div>\n\t\t<\/div>\n\t\t\t\t\t<\/div>\n\t\t<\/section>\n\t\t\t\t<section class=\"elementor-section elementor-top-section elementor-element elementor-element-bb42a06 elementor-section-boxed elementor-section-height-default elementor-section-height-default\" data-id=\"bb42a06\" data-element_type=\"section\">\n\t\t\t\t\t\t<div class=\"elementor-container elementor-column-gap-extended\">\n\t\t\t\t\t<div class=\"elementor-column elementor-col-100 elementor-top-column elementor-element elementor-element-7752d6d\" data-id=\"7752d6d\" data-element_type=\"column\">\n\t\t\t<div class=\"elementor-widget-wrap elementor-element-populated\">\n\t\t\t\t\t\t<div class=\"elementor-element elementor-element-c4c1f81 elementor-widget__width-initial elementor-widget elementor-widget-heading\" data-id=\"c4c1f81\" data-element_type=\"widget\" data-widget_type=\"heading.default\">\n\t\t\t\t<div class=\"elementor-widget-container\">\n\t\t\t\t\t<h2 class=\"elementor-heading-title elementor-size-default\">Efficient loading of goods onto ships<\/h2>\t\t\t\t<\/div>\n\t\t\t\t<\/div>\n\t\t\t\t\t<\/div>\n\t\t<\/div>\n\t\t\t\t\t<\/div>\n\t\t<\/section>\n\t\t\t\t<section class=\"elementor-section elementor-top-section elementor-element elementor-element-45edbe4 elementor-section-boxed elementor-section-height-default elementor-section-height-default\" data-id=\"45edbe4\" data-element_type=\"section\">\n\t\t\t\t\t\t<div class=\"elementor-container elementor-column-gap-extended\">\n\t\t\t\t\t<div class=\"elementor-column elementor-col-100 elementor-top-column elementor-element elementor-element-e918f1a\" data-id=\"e918f1a\" data-element_type=\"column\">\n\t\t\t<div class=\"elementor-widget-wrap elementor-element-populated\">\n\t\t\t\t\t\t<div class=\"elementor-element elementor-element-1d85a43 elementor-widget elementor-widget-text-editor\" data-id=\"1d85a43\" data-element_type=\"widget\" data-widget_type=\"text-editor.default\">\n\t\t\t\t<div class=\"elementor-widget-container\">\n\t\t\t\t\t\t\t\t\t<p>Our company, Hetra-GSS GmbH, is specialized in individual and customized loading systems for ship loading. We offer innovative solutions for efficient and safe loading of all kinds of goods. Our loading systems are characterized by high flexibility and robustness and are designed for use under extreme conditions such as heat, cold and humidity. Our many years of experience and know-how in the industry enable us to ensure that our customers receive the best possible solution for their individual requirements.<\/p>\t\t\t\t\t\t\t\t<\/div>\n\t\t\t\t<\/div>\n\t\t\t\t\t<\/div>\n\t\t<\/div>\n\t\t\t\t\t<\/div>\n\t\t<\/section>\n\t\t\t\t<section class=\"elementor-section elementor-top-section elementor-element elementor-element-05612c3 elementor-section-boxed elementor-section-height-default elementor-section-height-default\" data-id=\"05612c3\" data-element_type=\"section\">\n\t\t\t\t\t\t<div class=\"elementor-container elementor-column-gap-extended\">\n\t\t\t\t\t<div class=\"elementor-column elementor-col-50 elementor-top-column elementor-element elementor-element-60c8aef b\" data-id=\"60c8aef\" data-element_type=\"column\">\n\t\t\t<div class=\"elementor-widget-wrap elementor-element-populated\">\n\t\t\t\t\t\t<div class=\"elementor-element elementor-element-20c30e2 a elementor-widget elementor-widget-image\" data-id=\"20c30e2\" data-element_type=\"widget\" data-widget_type=\"image.default\">\n\t\t\t\t<div class=\"elementor-widget-container\">\n\t\t\t\t\t\t\t\t\t\t\t\t\t\t\t\t<a href=\"https:\/\/hetra-gss.de\/wp-content\/uploads\/2024\/02\/Schiffsverladung.webp\" data-elementor-open-lightbox=\"yes\" data-e-action-hash=\"#elementor-action%3Aaction%3Dlightbox%26settings%3DeyJpZCI6OTc0MiwidXJsIjoiaHR0cHM6XC9cL2hldHJhLWdzcy5kZVwvd3AtY29udGVudFwvdXBsb2Fkc1wvMjAyNFwvMDJcL1NjaGlmZnN2ZXJsYWR1bmcud2VicCJ9\">\n\t\t\t\t\t\t\t<img fetchpriority=\"high\" decoding=\"async\" width=\"600\" height=\"600\" src=\"https:\/\/hetra-gss.de\/wp-content\/uploads\/2024\/02\/Schiffsverladung-600x600.webp\" class=\"attachment-ocean-thumb-m size-ocean-thumb-m wp-image-9742\" alt=\"\" srcset=\"https:\/\/hetra-gss.de\/wp-content\/uploads\/2024\/02\/Schiffsverladung-600x600.webp 600w, https:\/\/hetra-gss.de\/wp-content\/uploads\/2024\/02\/Schiffsverladung-150x150.webp 150w\" sizes=\"(max-width: 600px) 100vw, 600px\" \/>\t\t\t\t\t\t\t\t<\/a>\n\t\t\t\t\t\t\t\t\t\t\t\t\t\t\t<\/div>\n\t\t\t\t<\/div>\n\t\t\t\t\t<\/div>\n\t\t<\/div>\n\t\t\t\t<div class=\"elementor-column elementor-col-50 elementor-top-column elementor-element elementor-element-fa30116 b\" data-id=\"fa30116\" data-element_type=\"column\">\n\t\t\t<div class=\"elementor-widget-wrap elementor-element-populated\">\n\t\t\t\t\t\t<div class=\"elementor-element elementor-element-f586b41 a elementor-widget elementor-widget-image\" data-id=\"f586b41\" data-element_type=\"widget\" data-widget_type=\"image.default\">\n\t\t\t\t<div class=\"elementor-widget-container\">\n\t\t\t\t\t\t\t\t\t\t\t\t\t\t\t\t<a href=\"https:\/\/hetra-gss.de\/wp-content\/uploads\/2024\/02\/Schiffsverladung1.webp\" data-elementor-open-lightbox=\"yes\" data-e-action-hash=\"#elementor-action%3Aaction%3Dlightbox%26settings%3DeyJpZCI6OTc0MywidXJsIjoiaHR0cHM6XC9cL2hldHJhLWdzcy5kZVwvd3AtY29udGVudFwvdXBsb2Fkc1wvMjAyNFwvMDJcL1NjaGlmZnN2ZXJsYWR1bmcxLndlYnAifQ%3D%3D\">\n\t\t\t\t\t\t\t<img decoding=\"async\" width=\"600\" height=\"600\" src=\"https:\/\/hetra-gss.de\/wp-content\/uploads\/2024\/02\/Schiffsverladung1-600x600.webp\" class=\"attachment-ocean-thumb-m size-ocean-thumb-m wp-image-9743\" alt=\"\" srcset=\"https:\/\/hetra-gss.de\/wp-content\/uploads\/2024\/02\/Schiffsverladung1-600x600.webp 600w, https:\/\/hetra-gss.de\/wp-content\/uploads\/2024\/02\/Schiffsverladung1-150x150.webp 150w\" sizes=\"(max-width: 600px) 100vw, 600px\" \/>\t\t\t\t\t\t\t\t<\/a>\n\t\t\t\t\t\t\t\t\t\t\t\t\t\t\t<\/div>\n\t\t\t\t<\/div>\n\t\t\t\t\t<\/div>\n\t\t<\/div>\n\t\t\t\t\t<\/div>\n\t\t<\/section>\n\t\t\t\t<\/div>","protected":false},"excerpt":{"rendered":"<p>Schiffsverladung Schiffsverladung erm\u00f6glicht den Transport gro\u00dfer Mengen von G\u00fctern \u00fcber gro\u00dfe Distanzen auf dem Wasserweg. Die Hauptaufgabe besteht darin, den effizienten und sicheren Umschlag der Ladung zwischen Land und Schiff zu gew\u00e4hrleisten. Effizientes Verladen von G\u00fctern auf Schiffe\u200b Unsere Firma, die Hetra-GSS GmbH, ist spezialisiert auf individuelle und ma\u00dfgeschneiderte Verladesysteme f\u00fcr die Schiffsverladung. Wir bieten [&hellip;]<\/p>","protected":false},"author":1,"featured_media":0,"parent":550,"menu_order":0,"comment_status":"closed","ping_status":"closed","template":"","meta":{"ocean_post_layout":"full-screen","ocean_both_sidebars_style":"","ocean_both_sidebars_content_width":0,"ocean_both_sidebars_sidebars_width":0,"ocean_sidebar":"0","ocean_second_sidebar":"0","ocean_disable_margins":"enable","ocean_add_body_class":"","ocean_shortcode_before_top_bar":"","ocean_shortcode_after_top_bar":"","ocean_shortcode_before_header":"","ocean_shortcode_after_header":"","ocean_has_shortcode":"","ocean_shortcode_after_title":"","ocean_shortcode_before_footer_widgets":"","ocean_shortcode_after_footer_widgets":"","ocean_shortcode_before_footer_bottom":"","ocean_shortcode_after_footer_bottom":"","ocean_display_top_bar":"off","ocean_display_header":"default","ocean_header_style":"","ocean_center_header_left_menu":"0","ocean_custom_header_template":"0","ocean_custom_logo":0,"ocean_custom_retina_logo":0,"ocean_custom_logo_max_width":0,"ocean_custom_logo_tablet_max_width":0,"ocean_custom_logo_mobile_max_width":0,"ocean_custom_logo_max_height":0,"ocean_custom_logo_tablet_max_height":0,"ocean_custom_logo_mobile_max_height":0,"ocean_header_custom_menu":"0","ocean_menu_typo_font_family":"0","ocean_menu_typo_font_subset":"","ocean_menu_typo_font_size":0,"ocean_menu_typo_font_size_tablet":0,"ocean_menu_typo_font_size_mobile":0,"ocean_menu_typo_font_size_unit":"px","ocean_menu_typo_font_weight":"","ocean_menu_typo_font_weight_tablet":"","ocean_menu_typo_font_weight_mobile":"","ocean_menu_typo_transform":"","ocean_menu_typo_transform_tablet":"","ocean_menu_typo_transform_mobile":"","ocean_menu_typo_line_height":0,"ocean_menu_typo_line_height_tablet":0,"ocean_menu_typo_line_height_mobile":0,"ocean_menu_typo_line_height_unit":"","ocean_menu_typo_spacing":0,"ocean_menu_typo_spacing_tablet":0,"ocean_menu_typo_spacing_mobile":0,"ocean_menu_typo_spacing_unit":"","ocean_menu_link_color":"","ocean_menu_link_color_hover":"","ocean_menu_link_color_active":"","ocean_menu_link_background":"","ocean_menu_link_hover_background":"","ocean_menu_link_active_background":"","ocean_menu_social_links_bg":"","ocean_menu_social_hover_links_bg":"","ocean_menu_social_links_color":"","ocean_menu_social_hover_links_color":"","ocean_disable_title":"on","ocean_disable_heading":"default","ocean_post_title":"","ocean_post_subheading":"","ocean_post_title_style":"","ocean_post_title_background_color":"","ocean_post_title_background":0,"ocean_post_title_bg_image_position":"","ocean_post_title_bg_image_attachment":"","ocean_post_title_bg_image_repeat":"","ocean_post_title_bg_image_size":"","ocean_post_title_height":0,"ocean_post_title_bg_overlay":0.5,"ocean_post_title_bg_overlay_color":"","ocean_disable_breadcrumbs":"default","ocean_breadcrumbs_color":"","ocean_breadcrumbs_separator_color":"","ocean_breadcrumbs_links_color":"","ocean_breadcrumbs_links_hover_color":"","ocean_display_footer_widgets":"default","ocean_display_footer_bottom":"off","ocean_custom_footer_template":"1343","footnotes":""},"class_list":["post-693","page","type-page","status-publish","hentry","entry"],"yoast_head":"<!-- This site is optimized with the Yoast SEO plugin v26.4 - https:\/\/yoast.com\/wordpress\/plugins\/seo\/ -->\n<title>Schiffsverladung - Hetra-GSS GmbH<\/title>\n<meta name=\"description\" content=\"Schiffsverladung leicht gemacht: Erfahren Sie, wie unsere L\u00f6sungen Ihre Logistikprozesse verbessern k\u00f6nnen. Jetzt mehr erfahren!\" \/>\n<meta name=\"robots\" content=\"index, follow, max-snippet:-1, max-image-preview:large, max-video-preview:-1\" \/>\n<link rel=\"canonical\" href=\"https:\/\/hetra-gss.de\/en\/produkte\/verladesysteme\/schiffsverladung\/\" \/>\n<meta property=\"og:locale\" content=\"en_US\" \/>\n<meta property=\"og:type\" content=\"article\" \/>\n<meta property=\"og:title\" content=\"Schiffsverladung - Hetra-GSS GmbH\" \/>\n<meta property=\"og:description\" content=\"Schiffsverladung leicht gemacht: Erfahren Sie, wie unsere L\u00f6sungen Ihre Logistikprozesse verbessern k\u00f6nnen. Jetzt mehr erfahren!\" \/>\n<meta property=\"og:url\" content=\"https:\/\/hetra-gss.de\/en\/produkte\/verladesysteme\/schiffsverladung\/\" \/>\n<meta property=\"og:site_name\" content=\"Hetra-GSS GmbH\" \/>\n<meta property=\"article:modified_time\" content=\"2024-02-05T12:30:53+00:00\" \/>\n<meta property=\"og:image\" content=\"https:\/\/hetra-gss.de\/wp-content\/uploads\/2024\/02\/Schiffsverladung-600x600.webp\" \/>\n<meta name=\"twitter:card\" content=\"summary_large_image\" \/>\n<meta name=\"twitter:label1\" content=\"Est. reading time\" \/>\n\t<meta name=\"twitter:data1\" content=\"2 minutes\" \/>\n<script type=\"application\/ld+json\" class=\"yoast-schema-graph\">{\"@context\":\"https:\/\/schema.org\",\"@graph\":[{\"@type\":[\"WebPage\",\"ItemPage\"],\"@id\":\"https:\/\/hetra-gss.de\/produkte\/verladesysteme\/schiffsverladung\/\",\"url\":\"https:\/\/hetra-gss.de\/produkte\/verladesysteme\/schiffsverladung\/\",\"name\":\"Schiffsverladung - Hetra-GSS GmbH\",\"isPartOf\":{\"@id\":\"https:\/\/hetra-gss.de\/#website\"},\"primaryImageOfPage\":{\"@id\":\"https:\/\/hetra-gss.de\/produkte\/verladesysteme\/schiffsverladung\/#primaryimage\"},\"image\":{\"@id\":\"https:\/\/hetra-gss.de\/produkte\/verladesysteme\/schiffsverladung\/#primaryimage\"},\"thumbnailUrl\":\"https:\/\/hetra-gss.de\/wp-content\/uploads\/2024\/02\/Schiffsverladung-600x600.webp\",\"datePublished\":\"2023-03-07T09:37:12+00:00\",\"dateModified\":\"2024-02-05T12:30:53+00:00\",\"description\":\"Schiffsverladung leicht gemacht: Erfahren Sie, wie unsere L\u00f6sungen Ihre Logistikprozesse verbessern k\u00f6nnen. Jetzt mehr erfahren!\",\"breadcrumb\":{\"@id\":\"https:\/\/hetra-gss.de\/produkte\/verladesysteme\/schiffsverladung\/#breadcrumb\"},\"inLanguage\":\"en-US\",\"potentialAction\":[{\"@type\":\"ReadAction\",\"target\":[\"https:\/\/hetra-gss.de\/produkte\/verladesysteme\/schiffsverladung\/\"]}]},{\"@type\":\"ImageObject\",\"inLanguage\":\"en-US\",\"@id\":\"https:\/\/hetra-gss.de\/produkte\/verladesysteme\/schiffsverladung\/#primaryimage\",\"url\":\"https:\/\/hetra-gss.de\/wp-content\/uploads\/2024\/02\/Schiffsverladung-600x600.webp\",\"contentUrl\":\"https:\/\/hetra-gss.de\/wp-content\/uploads\/2024\/02\/Schiffsverladung-600x600.webp\"},{\"@type\":\"BreadcrumbList\",\"@id\":\"https:\/\/hetra-gss.de\/produkte\/verladesysteme\/schiffsverladung\/#breadcrumb\",\"itemListElement\":[{\"@type\":\"ListItem\",\"position\":1,\"name\":\"Startseite\",\"item\":\"https:\/\/hetra-gss.de\/\"},{\"@type\":\"ListItem\",\"position\":2,\"name\":\"Produkte\",\"item\":\"https:\/\/hetra-gss.de\/produkte\/\"},{\"@type\":\"ListItem\",\"position\":3,\"name\":\"Verladesysteme\",\"item\":\"https:\/\/hetra-gss.de\/produkte\/verladesysteme\/\"},{\"@type\":\"ListItem\",\"position\":4,\"name\":\"Schiffsverladung\"}]},{\"@type\":\"WebSite\",\"@id\":\"https:\/\/hetra-gss.de\/#website\",\"url\":\"https:\/\/hetra-gss.de\/\",\"name\":\"Hetra-GSS GmbH\",\"description\":\"Nachhaltigkeit in Bewegung: Ma\u00dfgeschneiderte F\u00f6rdertechnik!\",\"publisher\":{\"@id\":\"https:\/\/hetra-gss.de\/#organization\"},\"potentialAction\":[{\"@type\":\"SearchAction\",\"target\":{\"@type\":\"EntryPoint\",\"urlTemplate\":\"https:\/\/hetra-gss.de\/?s={search_term_string}\"},\"query-input\":{\"@type\":\"PropertyValueSpecification\",\"valueRequired\":true,\"valueName\":\"search_term_string\"}}],\"inLanguage\":\"en-US\"},{\"@type\":\"Organization\",\"@id\":\"https:\/\/hetra-gss.de\/#organization\",\"name\":\"Hetra-GSS GmbH\",\"url\":\"https:\/\/hetra-gss.de\/\",\"logo\":{\"@type\":\"ImageObject\",\"inLanguage\":\"en-US\",\"@id\":\"https:\/\/hetra-gss.de\/#\/schema\/logo\/image\/\",\"url\":\"https:\/\/hetra-gss.de\/wp-content\/uploads\/2024\/01\/cropped-Fimenlogo-1.webp\",\"contentUrl\":\"https:\/\/hetra-gss.de\/wp-content\/uploads\/2024\/01\/cropped-Fimenlogo-1.webp\",\"width\":799,\"height\":343,\"caption\":\"Hetra-GSS GmbH\"},\"image\":{\"@id\":\"https:\/\/hetra-gss.de\/#\/schema\/logo\/image\/\"}}]}<\/script>\n<!-- \/ Yoast SEO plugin. -->","yoast_head_json":{"title":"Schiffsverladung - Hetra-GSS GmbH","description":"Schiffsverladung leicht gemacht: Erfahren Sie, wie unsere L\u00f6sungen Ihre Logistikprozesse verbessern k\u00f6nnen. Jetzt mehr erfahren!","robots":{"index":"index","follow":"follow","max-snippet":"max-snippet:-1","max-image-preview":"max-image-preview:large","max-video-preview":"max-video-preview:-1"},"canonical":"https:\/\/hetra-gss.de\/en\/produkte\/verladesysteme\/schiffsverladung\/","og_locale":"en_US","og_type":"article","og_title":"Schiffsverladung - Hetra-GSS GmbH","og_description":"Schiffsverladung leicht gemacht: Erfahren Sie, wie unsere L\u00f6sungen Ihre Logistikprozesse verbessern k\u00f6nnen. Jetzt mehr erfahren!","og_url":"https:\/\/hetra-gss.de\/en\/produkte\/verladesysteme\/schiffsverladung\/","og_site_name":"Hetra-GSS GmbH","article_modified_time":"2024-02-05T12:30:53+00:00","og_image":[{"url":"https:\/\/hetra-gss.de\/wp-content\/uploads\/2024\/02\/Schiffsverladung-600x600.webp","type":"","width":"","height":""}],"twitter_card":"summary_large_image","twitter_misc":{"Est. reading time":"2 minutes"},"schema":{"@context":"https:\/\/schema.org","@graph":[{"@type":["WebPage","ItemPage"],"@id":"https:\/\/hetra-gss.de\/produkte\/verladesysteme\/schiffsverladung\/","url":"https:\/\/hetra-gss.de\/produkte\/verladesysteme\/schiffsverladung\/","name":"Schiffsverladung - Hetra-GSS GmbH","isPartOf":{"@id":"https:\/\/hetra-gss.de\/#website"},"primaryImageOfPage":{"@id":"https:\/\/hetra-gss.de\/produkte\/verladesysteme\/schiffsverladung\/#primaryimage"},"image":{"@id":"https:\/\/hetra-gss.de\/produkte\/verladesysteme\/schiffsverladung\/#primaryimage"},"thumbnailUrl":"https:\/\/hetra-gss.de\/wp-content\/uploads\/2024\/02\/Schiffsverladung-600x600.webp","datePublished":"2023-03-07T09:37:12+00:00","dateModified":"2024-02-05T12:30:53+00:00","description":"Schiffsverladung leicht gemacht: Erfahren Sie, wie unsere L\u00f6sungen Ihre Logistikprozesse verbessern k\u00f6nnen. Jetzt mehr erfahren!","breadcrumb":{"@id":"https:\/\/hetra-gss.de\/produkte\/verladesysteme\/schiffsverladung\/#breadcrumb"},"inLanguage":"en-US","potentialAction":[{"@type":"ReadAction","target":["https:\/\/hetra-gss.de\/produkte\/verladesysteme\/schiffsverladung\/"]}]},{"@type":"ImageObject","inLanguage":"en-US","@id":"https:\/\/hetra-gss.de\/produkte\/verladesysteme\/schiffsverladung\/#primaryimage","url":"https:\/\/hetra-gss.de\/wp-content\/uploads\/2024\/02\/Schiffsverladung-600x600.webp","contentUrl":"https:\/\/hetra-gss.de\/wp-content\/uploads\/2024\/02\/Schiffsverladung-600x600.webp"},{"@type":"BreadcrumbList","@id":"https:\/\/hetra-gss.de\/produkte\/verladesysteme\/schiffsverladung\/#breadcrumb","itemListElement":[{"@type":"ListItem","position":1,"name":"Startseite","item":"https:\/\/hetra-gss.de\/"},{"@type":"ListItem","position":2,"name":"Produkte","item":"https:\/\/hetra-gss.de\/produkte\/"},{"@type":"ListItem","position":3,"name":"Verladesysteme","item":"https:\/\/hetra-gss.de\/produkte\/verladesysteme\/"},{"@type":"ListItem","position":4,"name":"Schiffsverladung"}]},{"@type":"WebSite","@id":"https:\/\/hetra-gss.de\/#website","url":"https:\/\/hetra-gss.de\/","name":"Hetra-GSS GmbH","description":"Nachhaltigkeit in Bewegung: Ma\u00dfgeschneiderte F\u00f6rdertechnik!","publisher":{"@id":"https:\/\/hetra-gss.de\/#organization"},"potentialAction":[{"@type":"SearchAction","target":{"@type":"EntryPoint","urlTemplate":"https:\/\/hetra-gss.de\/?s={search_term_string}"},"query-input":{"@type":"PropertyValueSpecification","valueRequired":true,"valueName":"search_term_string"}}],"inLanguage":"en-US"},{"@type":"Organization","@id":"https:\/\/hetra-gss.de\/#organization","name":"Hetra-GSS GmbH","url":"https:\/\/hetra-gss.de\/","logo":{"@type":"ImageObject","inLanguage":"en-US","@id":"https:\/\/hetra-gss.de\/#\/schema\/logo\/image\/","url":"https:\/\/hetra-gss.de\/wp-content\/uploads\/2024\/01\/cropped-Fimenlogo-1.webp","contentUrl":"https:\/\/hetra-gss.de\/wp-content\/uploads\/2024\/01\/cropped-Fimenlogo-1.webp","width":799,"height":343,"caption":"Hetra-GSS GmbH"},"image":{"@id":"https:\/\/hetra-gss.de\/#\/schema\/logo\/image\/"}}]}},"_links":{"self":[{"href":"https:\/\/hetra-gss.de\/en\/wp-json\/wp\/v2\/pages\/693","targetHints":{"allow":["GET"]}}],"collection":[{"href":"https:\/\/hetra-gss.de\/en\/wp-json\/wp\/v2\/pages"}],"about":[{"href":"https:\/\/hetra-gss.de\/en\/wp-json\/wp\/v2\/types\/page"}],"author":[{"embeddable":true,"href":"https:\/\/hetra-gss.de\/en\/wp-json\/wp\/v2\/users\/1"}],"replies":[{"embeddable":true,"href":"https:\/\/hetra-gss.de\/en\/wp-json\/wp\/v2\/comments?post=693"}],"version-history":[{"count":124,"href":"https:\/\/hetra-gss.de\/en\/wp-json\/wp\/v2\/pages\/693\/revisions"}],"predecessor-version":[{"id":10008,"href":"https:\/\/hetra-gss.de\/en\/wp-json\/wp\/v2\/pages\/693\/revisions\/10008"}],"up":[{"embeddable":true,"href":"https:\/\/hetra-gss.de\/en\/wp-json\/wp\/v2\/pages\/550"}],"wp:attachment":[{"href":"https:\/\/hetra-gss.de\/en\/wp-json\/wp\/v2\/media?parent=693"}],"curies":[{"name":"wp","href":"https:\/\/api.w.org\/{rel}","templated":true}]}}